{"id":48874,"date":"2024-02-08T16:28:44","date_gmt":"2024-02-08T15:28:44","guid":{"rendered":"https:\/\/www.harry-hope.com\/be\/?page_id=48874"},"modified":"2024-02-13T09:04:16","modified_gmt":"2024-02-13T08:04:16","slug":"charte-de-vie-privee","status":"publish","type":"page","link":"https:\/\/www.harry-hope.com\/be\/fr\/charte-de-vie-privee\/","title":{"rendered":"Charte de vie priv\u00e9e"},"content":{"rendered":"\t\t<div data-elementor-type=\"wp-page\" data-elementor-id=\"48874\" class=\"elementor elementor-48874\" data-elementor-post-type=\"page\">\n\t\t\t\t<div class=\"elementor-element elementor-element-34c1ae2 e-flex e-con-boxed e-con e-parent\" data-id=\"34c1ae2\" data-element_type=\"container\" data-e-type=\"container\" data-settings=\"{&quot;background_background&quot;:&quot;classic&quot;,&quot;jet_parallax_layout_list&quot;:[]}\">\n\t\t\t\t\t<div class=\"e-con-inner\">\n\t\t<div class=\"elementor-element elementor-element-db62054 e-con-full e-flex e-con e-child\" data-id=\"db62054\" data-element_type=\"container\" data-e-type=\"container\" data-settings=\"{&quot;jet_parallax_layout_list&quot;:[]}\">\n\t\t\t\t<div class=\"elementor-element elementor-element-e36825a elementor-widget elementor-widget-heading\" data-id=\"e36825a\" data-element_type=\"widget\" data-e-type=\"widget\" data-widget_type=\"heading.default\">\n\t\t\t\t<div class=\"elementor-widget-container\">\n\t\t\t\t\t<h2 class=\"elementor-heading-title elementor-size-default\">Charte vie priv\u00e9e\n<\/h2>\t\t\t\t<\/div>\n\t\t\t\t<\/div>\n\t\t\t\t<\/div>\n\t\t\t\t\t<\/div>\n\t\t\t\t<\/div>\n\t\t\t\t<div class=\"unlimited-elements-background-overlay\" data-forid=\"34c1ae2\" data-location=\"back\" style=\"display:none\">\n\t\t\t<template>\n\t\t\t\n<!-- start Random Background -->\n<style>\/* widget: Random Background *\/\n\n#uc_random_background_widget_bg_addon13542\n{\n  \t\n  \tposition:absolute;\n  \t  \n  top:0;\n  bottom:0;\n  right:0;\n  left:0;\n}\n\n#uc_random_background_widget_bg_addon13542 .ue-random-bg-item\n{\n  position:absolute;\n  top:0;\n  bottom:0;\n  right:0;\n  left:0;\n  background-repeat:repeat !important;\n}\n\n#uc_random_background_widget_bg_addon13542 .ue-cloned{\nheight: 500px;\nposition: static;\n}\n\n<\/style>\n\n<div id=\"uc_random_background_widget_bg_addon13542\" class=\"random-bg\" data-debug=\"false\" data-editor=\"no\">\n  <div class=\"ue-random-bg-item\"><\/div>\n<\/div>\n<script type=\"text\/javascript\"  id=\"ue_script_random_background_widget\">\n\n\/* Random Background scripts: *\/ \n\njQuery(document).ready(function(){\n  \n  var rImage = jQuery(\"#uc_random_background_widget_bg_addon13542\");\n  var rImageItem = rImage.find(\".ue-random-bg-item\");\n  \n  \/\/set image url \n    var rUrlArray = [\n        \"https:\/\/www.harry-hope.com\/be\/wp-content\/uploads\/sites\/6\/2023\/12\/noise.png\",\n      ];\n  \n  var rUrlArrayNumber = rUrlArray.length;\n  var randomNumber = Math.floor(Math.random() * rUrlArrayNumber); \n  \n  var rUrlToLoad = rUrlArray[randomNumber];\n  rImageItem.css({'background-image': 'url(' + rUrlToLoad + ')'}); \n  \n  \/\/set background color \n    var rBgColorArray = [\n        \"#616161\",\n      ]; \n  \n  var rBgColorToLoad = rBgColorArray[randomNumber];\n  rImageItem.css({'background-color': rBgColorToLoad}); \n   \n  \/\/set background position \n    var rBgPositionArray = [\n        \"left top\",\n      ];  \n   \n  var rBgPositionToLoad = rBgPositionArray[randomNumber];\n  rImageItem.css({'background-position': rBgPositionToLoad}); \n  \n  \/\/set background blend mode\n    var rBgBlendModeArray = [\n        \"overlay\",\n      ];  \n   \n  var rBgBlendModeToLoad = rBgBlendModeArray[randomNumber];\n  rImageItem.css({'background-blend-mode': rBgBlendModeToLoad}); \n   \n   \/\/debug mode\t\n  var dataDebug = rImage.data(\"debug\");\n  var dataEditor = rImage.data(\"editor\");\n   \n  if(dataDebug == false)\n    return(false);\n   \n  if(dataEditor == 'no')\n    return(false);\n     \n  rImage.children().addClass('ue-cloned');\n  var rImageHtml = rImage.html();\n  var parentElementorSection = rImage.parents('.elementor-section');\n   \n  for(let i=0;i<rUrlArrayNumber;i++){\n      \/\/clone html elements\n      rImage.append(rImageHtml);\n      \n      var rImageBoxCloned = rImage.children();\n      \n      \/\/remove last html element\n      rImageBoxCloned.eq(rUrlArrayNumber).remove();\n      \n      var rImageElementCloned = rImageBoxCloned.eq(i);\n\n      \/\/set url for each cloned image\n      rImageElementCloned.css({'background-image': 'url(' + rUrlArray[i] + ')'});\n      \n      \/\/set background color for each cloned image\n      rImageElementCloned.css({'background-color': rBgColorArray[i]});\n      \n      \/\/set background position for each cloned image\n      rImageElementCloned.css({'background-position': rBgPositionArray[i]});\n      \n      \/\/set background blend mode for each cloned image\n      rImageElementCloned.css({'background-blend-mode': rBgBlendModeArray[i]}); \n      \n  }\n   \n});\n<\/script>\n<!-- end Random Background -->\t\t\t<\/template>\n\t\t<\/div>\n\t\t\n\t\t<div class=\"elementor-element elementor-element-4dd85dc e-flex e-con-boxed e-con e-parent\" data-id=\"4dd85dc\" data-element_type=\"container\" data-e-type=\"container\" data-settings=\"{&quot;jet_parallax_layout_list&quot;:[]}\">\n\t\t\t\t\t<div class=\"e-con-inner\">\n\t\t\t\t<div class=\"elementor-element elementor-element-8f9dd71 elementor-widget elementor-widget-text-editor\" data-id=\"8f9dd71\" data-element_type=\"widget\" data-e-type=\"widget\" data-widget_type=\"text-editor.default\">\n\t\t\t\t<div class=\"elementor-widget-container\">\n\t\t\t\t\t\t\t\t\t<h2>Charte Vie Priv\u00e9e HARRY HOPE BELGIUM<\/h2><p>Version : 12\/02\/2024<\/p><p>Identification :<\/p><p>La Soci\u00e9t\u00e9<\/p><p>HARRY HOPE BELGIUM<\/p><p>SRL au capital de 1 000 euros<\/p><p>7 Rue Joseph Stevens, 1000 BRUXELLES<\/p><p>N\u00b0 BCE\u00a0: 0795226883<\/p><p>T\u00e9l\u00e9phone : 02\u00a0627 56 10<\/p><p>Adresse \u00e9lectronique : contact.belgique@harry-hope.com<\/p><p>TVA Intracommunautaire : BE0795226883<\/p><p>\u00a0<\/p><p>HARRY HOPE BELGIUM s\u2019engage \u00e0 respecter la confidentialit\u00e9 de vos donn\u00e9es personnelles. Pour ce faire, HARRY HOPE BELGIUM traite vos donn\u00e9es personnelles conform\u00e9ment au R\u00e8glement g\u00e9n\u00e9ral sur la protection des donn\u00e9es (RGPD) et \u00e0 la loi du 30 juillet 2018 relative \u00e0 la protection des personnes physiques \u00e0 l\u2019\u00e9gard des traitements de donn\u00e9es \u00e0 caract\u00e8re personnel.<\/p><p>\u00a0<\/p><p>La pr\u00e9sente Charte vie priv\u00e9e permet \u00e0 tous les utilisateurs du Site et des Services de HARRY HOPE BELGIUM de prendre connaissance des droits qui entourent les donn\u00e9es personnelles qu\u2019ils transmettent et des droits relatifs \u00e0 leurs utilisations par HARRY HOPE BELGIUM.<\/p><p>\u00a0<\/p><p>Cette Charte s\u2019applique aux donn\u00e9es \u00e0 caract\u00e8re personnel des Utilisateurs du Site internet, des Candidats potentiels, des Candidats, des Clients et d\u2019autres personnes que nous pourrions contacter notamment pour effectuer des prises de r\u00e9f\u00e9rences.<\/p><p>\u00a0<\/p><h2><strong>Qui est responsable du traitement de vos donn\u00e9es ?<\/strong><\/h2><p>HARRY HOPE BELGIUM est responsable du traitement de vos donn\u00e9es.<\/p><p>A ce titre, elle d\u00e9termine les donn\u00e9es qu\u2019il convient de collecter pour ses Services ainsi que les finalit\u00e9s pour lesquelles ces derni\u00e8res sont collect\u00e9es.<\/p><p>De ce fait, HARRY HOPE BELGIUM traite et prot\u00e8ge vos donn\u00e9es dans le respect de la loi et des r\u00e8glements, de fa\u00e7on loyale et transparente.<\/p><p>\u00a0<\/p><h2><strong>En quoi consiste le traitement des donn\u00e9es personnelles ?<\/strong><\/h2><p>Les donn\u00e9es personnelles comprennent toutes les informations se rapportant \u00e0 une personne physique identifi\u00e9e ou identifiable.<\/p><p>Ces informations permettent l\u2019identification de la personne physique de mani\u00e8re directe ou indirecte.<\/p><p>Cette identification peut \u00eatre r\u00e9alis\u00e9e \u00e0 partir d\u2019une seule donn\u00e9e ou du croisement d\u2019un ensemble de donn\u00e9es.<\/p><p>Le traitement de donn\u00e9es personnelles consiste en une op\u00e9ration, ou un ensemble d\u2019op\u00e9rations, portant sur des donn\u00e9es personnelles, quel que soit le proc\u00e9d\u00e9 utilis\u00e9 tel que la collecte, l\u2019enregistrement, la conservation, l\u2019adaptation etc.<\/p><p>Chaque traitement de donn\u00e9es doit avoir un objectif, une finalit\u00e9 d\u00e9termin\u00e9e pr\u00e9alablement qui est explicite et l\u00e9gitime.<\/p><p>Ainsi, tout traitement de l\u2019une de vos donn\u00e9es personnelles par HARRY HOPE BELGIUM r\u00e9pond \u00e0 un besoin n\u00e9cessaire \u00e0 l\u2019accomplissement des Services.<\/p><p>\u00a0<\/p><h2><strong>Quelles donn\u00e9es personnelles sont trait\u00e9es ?<\/strong><\/h2><p>Pour l\u2019accomplissement de ses diff\u00e9rents Services, accessibles sur son Site internet https:\/\/www.harry-hope.com\/be\/fr\/, HARRY HOPE BELGIUM collecte et traite des donn\u00e9es, des renseignements et des informations de toute nature.<\/p><p>Ces donn\u00e9es sont directement fournies par vous ou par des tiers.<\/p><p>HARRY HOPE BELGIUM ne traite pas de donn\u00e9es sensibles telles que les donn\u00e9es relatives \u00e0 la sant\u00e9, les donn\u00e9es \u00e0 caract\u00e8re racial ou ethnique, politique, philosophique ou religieux, ni celles relatives \u00e0 l\u2019appartenance syndicale ou \u00e0 la vie sexuelle.<\/p><p>Vous n\u2019avez aucune obligation l\u00e9gale de nous transmettre vos donn\u00e9es personnelles.<\/p><p>Dans ces conditions, vous choisissez toujours librement de les fournir \u00e0 HARRY HOPE BELGIUM.<\/p><p>Cependant, certaines informations sont n\u00e9cessaires pour le bon accomplissement des Services de HARRY HOPE BELGIUM. De ce fait, en l\u2019absence de certaines donn\u00e9es, HARRY HOPE BELGIUM pourrait \u00eatre dans l\u2019impossibilit\u00e9 d\u2019entrer en relation ou de poursuivre cette relation avec vous.<\/p><p>Les donn\u00e9es r\u00e9colt\u00e9es seront diff\u00e9rentes selon que la personne est un Candidat potentiel, un Candidat, un Utilisateur du site internet, des Clients ou une autre personne que HARRY HOPE BELGIUM contacterait notamment afin d\u2019obtenir des informations compl\u00e9mentaires sur un Candidat :<\/p><p><u>Candidat potentiel :<\/u><\/p><ul><li>nom,<\/li><li>coordonn\u00e9es.<\/li><\/ul><p>Ainsi, HARRY HOPE BELGIUM pourra vous contacter afin de d\u00e9terminer si vous voulez b\u00e9n\u00e9ficier de nos Services ou si vous pourriez en b\u00e9n\u00e9ficier.<\/p><p>\u00a0<\/p><p><u>Candidat\u00a0:<\/u><\/p><ul><li>nom, pr\u00e9nom, \u00e2ge\/date de naissance, sexe\/genre ;<\/li><li>photographie ;<\/li><li>adresse e-mail, num\u00e9ro de t\u00e9l\u00e9phone, adresse postale ;<\/li><li>poste recherch\u00e9, exp\u00e9riences professionnelles, formations, emploi, salaire, langues pratiqu\u00e9es ;<\/li><li>situation familiale, \u00e9tat civil.<\/li><\/ul><p>Le Candidat a la possibilit\u00e9 de t\u00e9l\u00e9charger son CV et de d\u00e9livrer un message.<\/p><p>Des informations compl\u00e9mentaires peuvent \u00eatre re\u00e7ues par HARRY HOPE BELGIUM d\u00e8s lors que vous choisissez de nous les communiquer.<\/p><p>Durant le processus de mise en relation avec l\u2019un de nos Clients, vous pourriez \u00e9galement nous transmettre les coordonn\u00e9es d\u2019anciens employeurs afin que nos Consultants effectuent une prise de r\u00e9f\u00e9rence.<\/p><p>Ce tiers pourrait \u00eatre amen\u00e9 \u00e0 nous donner des donn\u00e9es personnelles suppl\u00e9mentaires vous concernant.<\/p><p>\u00a0<\/p><p><u>Utilisateur du site internet :<\/u><\/p><p>Pour le bon fonctionnement de notre site internet, des cookies sont utilis\u00e9s afin de r\u00e9colter diff\u00e9rentes donn\u00e9es d\u2019utilisation.<\/p><p>Ces donn\u00e9es permettent \u00e0 HARRY HOPE BELGIUM d\u2019am\u00e9liorer la qualit\u00e9 de son site internet, d\u2019en faciliter son utilisation et de mani\u00e8re g\u00e9n\u00e9rale de faciliter l\u2019acc\u00e8s \u00e0 nos Services.<\/p><p>De plus, les Utilisateurs du Site sont susceptibles de communiquer des donn\u00e9es \u00e0 caract\u00e8re personnel faisant l\u2019objet d\u2019un traitement automatis\u00e9 ou non pour les finalit\u00e9s suivantes :<\/p><ul><li>la gestion des dossiers des Candidats ;<\/li><li>la transmission d\u2019informations sur les offres et services de HARRY HOPE BELGIUM et\/ou de ses partenaires ;<\/li><li>l\u2019envoi d\u2019informations et d\u2019alerte (nouvelles offres ; nouveau profil ; etc).<\/li><\/ul><p>\u00a0<\/p><p><u>Client recruteur :<\/u><\/p><p>Durant toute la relation commerciale, HARRY HOPE BELGIUM d\u00e9tient des informations concernant son interlocuteur. Ainsi, HARRY HOPE BELGIUM se voit communiquer le nom et le pr\u00e9nom de cet interlocuteur, le nom de la soci\u00e9t\u00e9. Des donn\u00e9es personnelles suppl\u00e9mentaires seront utilis\u00e9es telles que l\u2019adresse e-mail et l\u2019adresse du lieu d\u2019activit\u00e9.<\/p><p>Le Client recruteur a la possibilit\u00e9 de joindre un message ce qui pourrait constituer une transmission de donn\u00e9es personnelle suppl\u00e9mentaires.<\/p><p>\u00a0<\/p><p><u>Tiers permettant d\u2019obtenir des informations compl\u00e9mentaires concernant un Candidat :<\/u><\/p><p>Dans le cadre du processus de mise en relation d\u2019un Candidat avec un Client, il pourra \u00eatre demand\u00e9 au Candidat de communiquer les coordonn\u00e9es d\u2019un tiers.<\/p><p>L\u2019objectif pour HARRY HOPE BELGIUM est de contacter ce tiers afin d\u2019effectuer une prise de r\u00e9f\u00e9rences.<\/p><p>Cela permet \u00e0 HARRY HOPE BELGIUM d\u2019obtenir des pr\u00e9cisions sur les fonctions que le Candidat a exerc\u00e9es auparavant ainsi que ses comp\u00e9tences professionnelles.<\/p><p>\u00a0<\/p><h2><strong>Quand collectons-nous vos donn\u00e9es ?<\/strong><\/h2><p>La collecte de donn\u00e9es s\u2019effectuera d\u00e8s la prise de contact avec vous.<\/p><p>HARRY HOPE BELGIUM collecte vos donn\u00e9es \u00e0 tout moment de la relation, soit \u00e0 chaque \u00e9tape du processus de recrutement, soit \u00e0 chaque \u00e9tape de la relation commerciale.<\/p><p>Certaines de vos donn\u00e9es nous seront transmises de votre propre initiative notamment lorsque :<\/p><ul><li>vous d\u00e9posez votre candidature (formulaire de candidature sur notre Site) ou r\u00e9pondez \u00e0 l\u2019une de nos offres d\u2019emploi ;<\/li><li>vous contactez nos Services par t\u00e9l\u00e9phone ;<\/li><li>vous r\u00e9pondez positivement \u00e0 une demande d\u2019entretien ;<\/li><li>vous sollicitez le recours \u00e0 nos Services ;<\/li><li>vous naviguez sur le Site de HARRY HOPE BELGIUM.<\/li><\/ul><p>HARRY HOPE BELGIUM peut \u00e9galement recevoir vos donn\u00e9es personnelles par ses Clients, ses Fournisseurs, ses consultants ou m\u00eame d\u2019autres Candidats.<\/p><p>Ainsi, des donn\u00e9es sont collect\u00e9es par HARRY HOPE BELGIUM tout au long de la relation et par diff\u00e9rents canaux, d\u00e8s lors que ces donn\u00e9es r\u00e9pondent \u00e0 des finalit\u00e9s pr\u00e9alablement d\u00e9finies.<\/p><p>\u00a0<\/p><h2><strong>Pourquoi HARRY HOPE BELGIUM traite-t-elle vos donn\u00e9es ?<\/strong><\/h2><p>HARRY HOPE BELGIUM traite vos donn\u00e9es afin de satisfaire \u00e0 sa mission de recrutement conform\u00e9ment aux attentes des Recruteurs et des Candidats.<\/p><p>Les donn\u00e9es \u00e0 caract\u00e8re personnel collect\u00e9es par HARRY HOPE BELGIUM font l\u2019objet d\u2019un traitement automatis\u00e9 ou non pour les finalit\u00e9s suivantes :<\/p><ul><li>r\u00e9pondre \u00e0 vos demandes de recherche d\u2019emploi\/de collaboration et, le cas \u00e9ch\u00e9ant, vous signalez l\u2019impossibilit\u00e9 de vous pr\u00e9senter une annonce qui correspond \u00e0 vos recherches ;<\/li><li>vous contacter pour accuser bonne r\u00e9ception de votre candidature ;<\/li><li>v\u00e9rifier les informations transmises ;<\/li><li>diffuser vos informations aupr\u00e8s de Clients recruteurs pouvant \u00eatre int\u00e9ress\u00e9s par votre profil ;<\/li><li>conserver vos donn\u00e9es pour vous pr\u00e9senter des offres d\u2019emplois ult\u00e9rieures ;<\/li><li>r\u00e9pondre aux demandes d\u2019informations compl\u00e9mentaires des Recruteurs aupr\u00e8s desquels votre candidature est susceptible d\u2019\u00eatre pr\u00e9sent\u00e9e ;<\/li><li>participer \u00e0 nos enqu\u00eates de satisfaction ;<\/li><li>l\u2019am\u00e9lioration de nos Services ;<\/li><li>le marketing direct afin de vous adresser des informations, des publicit\u00e9s ou des propositions concernant des produits ou des services pertinents pour vous ;<\/li><li>la gestion des dossiers des Candidats et des Clients ;<\/li><li>la transmission d\u2019informations sur les offres et services de HARRY HOPE BELGIUM et\/ou de ses partenaires ;<\/li><li>l\u2019utilisation \u00e0 des fins statistiques d\u2019informations relatives \u00e0 la navigation.<\/li><\/ul><p>La liste des finalit\u00e9s ci-dessus est non exhaustive.<\/p><p>\u00a0<\/p><h2><strong>A qui vos donn\u00e9es peuvent-elles \u00eatre transf\u00e9r\u00e9es ?<\/strong><\/h2><p>Vos donn\u00e9es sont trait\u00e9es de mani\u00e8re confidentielle. Les salari\u00e9s de HARRY HOPE BELGIUM sont tenus par le secret professionnel qui fait l\u2019objet d\u2019une clause sp\u00e9cifique inscrite dans leur contrat de travail.<\/p><p>Ainsi, et dans le respect des finalit\u00e9s d\u00e9termin\u00e9es, vos donn\u00e9es sont uniquement transmises aupr\u00e8s de :<\/p><ul><li>nos clients recruteurs ;<\/li><li>nos partenaires \u00e0 des fins op\u00e9rationnelles et de gestion de vos demandes ;<\/li><li>nos prestataires de services informations et de stockage ;<\/li><li>les autorit\u00e9s judiciaires, l\u2019Autorit\u00e9 de protection des donn\u00e9es, l\u2019Autorit\u00e9 Belge de la Concurrence, le Service de la Concurrence, la Commission de la Concurrence, ou toute autre autorit\u00e9 comp\u00e9tente dans les cadres d\u00e9finis par la Loi.<\/li><\/ul><p>Les partenaires de HARRY HOPE BELGIUM, dont l\u2019intervention est rendue n\u00e9cessaire par la nature de l\u2019op\u00e9ration r\u00e9alis\u00e9e, attestent respecter les dispositions relatives \u00e0 la protection des donn\u00e9es \u00e0 caract\u00e8re personnel.<\/p><p>Les Clients recruteurs s\u2019engagent aux m\u00eames obligations que HARRY HOPE BELGIUM en ce qui concerne la protection des donn\u00e9es personnelles des candidats qui leur sont communiqu\u00e9es.<\/p><p>HARRY HOPE BELGIUM conserve vos donn\u00e9es uniquement au sein de l\u2019Espace Economique Europ\u00e9en.<\/p><p>Aucune donn\u00e9e personnelle n\u2019est revendue \u00e0 d\u2019autres tiers.<\/p><p>\u00a0<\/p><h2><strong>Quelle est la dur\u00e9e de conservation de vos donn\u00e9es ?<\/strong><\/h2><p>La dur\u00e9e de conservation de vos donn\u00e9es n\u2019exc\u00e8de pas celle n\u00e9cessaire au traitement pour lequel elles ont \u00e9t\u00e9 collect\u00e9es, sauf dans le cas o\u00f9 la loi ou le r\u00e8glement en pr\u00e9voient la dur\u00e9e.<\/p><p>Les donn\u00e9es relatives aux Candidats sont conserv\u00e9es pour une dur\u00e9e de 2 ans \u00e0 compter du dernier contact avec ces derniers. Au-del\u00e0, les donn\u00e9es seront conserv\u00e9es uniquement avec votre accord expr\u00e8s.<\/p><p>Concernant les donn\u00e9es relatives aux Clients, HARRY HOPE BELGIUM les conserve pendant 3 ans \u00e0 compter du dernier contact avec ce Client.<\/p><p>\u00a0<\/p><h2><strong>Quels sont vos droits et comment les exercer ?<\/strong><\/h2><p>Afin d\u2019exercer vos droits, vous pouvez pr\u00e9senter vos demandes par mail \u00e0 l\u2019adresse : dpo@harry-hope.com, ou par courrier adress\u00e9 \u00e0 l\u2019adresse suivante : HARRY HOPE BELGIUM \u2013 DPO \u2013 49 Cours L\u00e9opold, 54000 NANCY (FRANCE).<\/p><p>\u00a0<\/p><p>\u00a0<\/p><p><u>Droit g\u00e9n\u00e9ral d\u2019opposition au marketing direct\u00a0:<\/u><\/p><p>Vous pouvez \u00e0 tout moment vous opposer \u00e0 l\u2019utilisation des donn\u00e9es que nous collectons, conservons et traitons \u00e0 des fins de marketing directement par mail \u00e0 l\u2019adresse suivante : dpo@harry-hope.com, ou par courrier adress\u00e9 \u00e0 l\u2019adresse suivante : HARRY HOPE BELGIUM \u2013 DPO \u2013 49 Cours L\u00e9opold 54000 NANCY.<\/p><p>\u00a0<\/p><p><u>Droit d\u2019acc\u00e8s aux donn\u00e9es\u00a0:<\/u><\/p><p>Vous avez le droit d\u2019obtenir de HARRY HOPE BELGIUM la confirmation que des donn\u00e9es \u00e0 caract\u00e8re personnel vous concernant sont ou ne sont pas trait\u00e9es par HARRY HOPE BELGIUM.<\/p><p>Lorsque HARRY HOPE BELGIUM traite ces donn\u00e9es, vous pouvez demander l\u2019acc\u00e8s auxdites donn\u00e9es.<\/p><p>Conform\u00e9ment \u00e0 l\u2019article 15 du R\u00e8glement, vous avez le droit de vous faire communiquer des informations relatives au traitement de vos donn\u00e9es personnelles notamment les finalit\u00e9s du traitement, les cat\u00e9gories de donn\u00e9es \u00e0 caract\u00e8re personnel concern\u00e9es.<\/p><p>\u00a0<\/p><p><u>Droit de rectification et droit \u00e0 l\u2019effacement (\u00ab droit \u00e0 l\u2019oubli \u00bb)\u00a0:<\/u><\/p><p>Vous avez le droit de demander \u00e0 HARRY HOPE BELGIUM de rectifier des donn\u00e9es \u00e0 caract\u00e8re personnel vous concernant d\u00e8s lors que ces derni\u00e8res sont inexactes. Vous pouvez \u00e9galement compl\u00e9ter les donn\u00e9es \u00e0 caract\u00e8re personnel vous concernant d\u00e8s lors que ces derni\u00e8res sont incompl\u00e8tes.<\/p><p>Vous avez le droit d\u2019obtenir de la part de HARRY HOPE BELGIUM l\u2019effacement, dans les meilleurs d\u00e9lais, des donn\u00e9es \u00e0 caract\u00e8re personnel vous concernant.<\/p><p>HARRY HOPE BELGIUM a l\u2019obligation d\u2019effacer ces donn\u00e9es \u00e0 caract\u00e8re personnel dans les meilleurs d\u00e9lais lorsque notamment les donn\u00e9es \u00e0 caract\u00e8re personnel ne sont plus n\u00e9cessaires au regard des finalit\u00e9s pour lesquelles elles ont \u00e9t\u00e9 collect\u00e9es ou trait\u00e9es d\u2019une autre mani\u00e8re.<\/p><p>Ce droit \u00e0 l\u2019effacement est express\u00e9ment pr\u00e9vu par l\u2019article 17 du r\u00e8glement.<\/p><p>\u00a0<\/p><p><u>Droit \u00e0 la limitation du traitement\u00a0:<\/u><\/p><p>Conform\u00e9ment aux dispositions de l\u2019article 18 du R\u00e8glement, vous avez le droit d\u2019obtenir la limitation du traitement de vos donn\u00e9es \u00e0 caract\u00e8re personnel dans certaines situations.<\/p><p>Vos donn\u00e9es ainsi limit\u00e9es pourront \u00eatre trait\u00e9es uniquement avec votre consentement.<\/p><p>\u00a0<\/p><p><u>Droit \u00e0 la portabilit\u00e9 des donn\u00e9es\u00a0:<\/u><\/p><p>Conform\u00e9ment \u00e0 l\u2019article 20 du R\u00e8glement, vous avez le droit de r\u00e9cup\u00e9rer une partie de vos donn\u00e9es dans un format ouvert et lisible. Ainsi, vous pourriez r\u00e9utiliser ces donn\u00e9es \u00e0 des fins personnelles.<\/p><p>\u00a0<\/p><p><u>Autorit\u00e9 de protection des donn\u00e9es\u00a0:<\/u><\/p><p>Vous pouvez toujours contacter l\u2019Autorit\u00e9 de protection des donn\u00e9es (APD)\u00a0:<\/p><p>E-mail\u00a0: contact@apd-gba.be<\/p><p>T\u00e9l\u00e9phone : +32 (0)2 274 48 00<\/p><p>+32 (0)2 274 48 35<\/p><p><a href=\"https:\/\/www.autoriteprotectiondonnees.be\/citoyen\" target=\"_blank\" rel=\"noopener\">https:\/\/www.autoriteprotectiondonnees.be\/citoyen<\/a><\/p><p>Vous disposez \u00e9galement du droit d\u2019introduire une r\u00e9clamation aupr\u00e8s de cette Commission Nationale Pour La Protection Des Donn\u00e9es (CNPD).<\/p>\t\t\t\t\t\t\t\t<\/div>\n\t\t\t\t<\/div>\n\t\t\t\t\t<\/div>\n\t\t\t\t<\/div>\n\t\t\t\t<\/div>\n\t\t","protected":false},"excerpt":{"rendered":"<p>Charte vie priv\u00e9e Charte Vie Priv\u00e9e HARRY HOPE BELGIUM Version : 12\/02\/2024 Identification : La Soci\u00e9t\u00e9 HARRY HOPE BELGIUM SRL au capital de 1 000 euros 7 Rue Joseph Stevens, 1000 BRUXELLES N\u00b0 BCE\u00a0: 0795226883 T\u00e9l\u00e9phone : 02\u00a0627 56 10 Adresse \u00e9lectronique : contact.belgique@harry-hope.com TVA Intracommunautaire : BE0795226883 \u00a0 HARRY HOPE BELGIUM s\u2019engage \u00e0 respecter [&hellip;]<\/p>\n","protected":false},"author":2,"featured_media":0,"parent":0,"menu_order":0,"comment_status":"closed","ping_status":"closed","template":"","meta":{"content-type":"","footnotes":""},"class_list":["post-48874","page","type-page","status-publish","hentry"],"_links":{"self":[{"href":"https:\/\/www.harry-hope.com\/be\/fr\/wp-json\/wp\/v2\/pages\/48874","targetHints":{"allow":["GET"]}}],"collection":[{"href":"https:\/\/www.harry-hope.com\/be\/fr\/wp-json\/wp\/v2\/pages"}],"about":[{"href":"https:\/\/www.harry-hope.com\/be\/fr\/wp-json\/wp\/v2\/types\/page"}],"author":[{"embeddable":true,"href":"https:\/\/www.harry-hope.com\/be\/fr\/wp-json\/wp\/v2\/users\/2"}],"replies":[{"embeddable":true,"href":"https:\/\/www.harry-hope.com\/be\/fr\/wp-json\/wp\/v2\/comments?post=48874"}],"version-history":[{"count":9,"href":"https:\/\/www.harry-hope.com\/be\/fr\/wp-json\/wp\/v2\/pages\/48874\/revisions"}],"predecessor-version":[{"id":48998,"href":"https:\/\/www.harry-hope.com\/be\/fr\/wp-json\/wp\/v2\/pages\/48874\/revisions\/48998"}],"wp:attachment":[{"href":"https:\/\/www.harry-hope.com\/be\/fr\/wp-json\/wp\/v2\/media?parent=48874"}],"curies":[{"name":"wp","href":"https:\/\/api.w.org\/{rel}","templated":true}]}}