{"id":48805,"date":"2024-02-08T16:25:27","date_gmt":"2024-02-08T15:25:27","guid":{"rendered":"https:\/\/www.harry-hope.com\/be\/?page_id=48805"},"modified":"2024-09-02T16:49:28","modified_gmt":"2024-09-02T14:49:28","slug":"mentions-legales","status":"publish","type":"page","link":"https:\/\/www.harry-hope.com\/ca\/fr\/mentions-legales\/","title":{"rendered":"Mentions L\u00e9gales"},"content":{"rendered":"\t\t<div data-elementor-type=\"wp-page\" data-elementor-id=\"48805\" class=\"elementor elementor-48805\" data-elementor-post-type=\"page\">\n\t\t\t\t<div class=\"elementor-element elementor-element-5668ba4 e-flex e-con-boxed e-con e-parent\" data-id=\"5668ba4\" data-element_type=\"container\" data-e-type=\"container\" data-settings=\"{&quot;background_background&quot;:&quot;classic&quot;,&quot;jet_parallax_layout_list&quot;:[]}\">\n\t\t\t\t\t<div class=\"e-con-inner\">\n\t\t<div class=\"elementor-element elementor-element-0ce2f1c e-con-full e-flex e-con e-child\" data-id=\"0ce2f1c\" data-element_type=\"container\" data-e-type=\"container\" data-settings=\"{&quot;jet_parallax_layout_list&quot;:[]}\">\n\t\t\t\t<div class=\"elementor-element elementor-element-0384ea3 elementor-widget elementor-widget-heading\" data-id=\"0384ea3\" data-element_type=\"widget\" data-e-type=\"widget\" data-widget_type=\"heading.default\">\n\t\t\t\t<div class=\"elementor-widget-container\">\n\t\t\t\t\t<h2 class=\"elementor-heading-title elementor-size-default\">Mentions L\u00e9gales<\/h2>\t\t\t\t<\/div>\n\t\t\t\t<\/div>\n\t\t\t\t<\/div>\n\t\t\t\t\t<\/div>\n\t\t\t\t<\/div>\n\t\t\t\t<div class=\"unlimited-elements-background-overlay\" data-forid=\"5668ba4\" data-location=\"back\" style=\"display:none\">\n\t\t\t<template>\n\t\t\t\n<!-- start Random Background -->\n<style>\/* widget: Random Background *\/\n\n#uc_random_background_widget_bg_addon18583\n{\n  \t\n  \tposition:absolute;\n  \t  \n  top:0;\n  bottom:0;\n  right:0;\n  left:0;\n}\n\n#uc_random_background_widget_bg_addon18583 .ue-random-bg-item\n{\n  position:absolute;\n  top:0;\n  bottom:0;\n  right:0;\n  left:0;\n  background-repeat:repeat !important;\n}\n\n#uc_random_background_widget_bg_addon18583 .ue-cloned{\nheight: 500px;\nposition: static;\n}\n\n<\/style>\n\n<div id=\"uc_random_background_widget_bg_addon18583\" class=\"random-bg\" data-debug=\"false\" data-editor=\"no\">\n  <div class=\"ue-random-bg-item\"><\/div>\n<\/div>\n<script type=\"text\/javascript\"  id=\"ue_script_random_background_widget\">\n\n\/* Random Background scripts: *\/ \n\njQuery(document).ready(function(){\n  \n  var rImage = jQuery(\"#uc_random_background_widget_bg_addon18583\");\n  var rImageItem = rImage.find(\".ue-random-bg-item\");\n  \n  \/\/set image url \n    var rUrlArray = [\n        \"https:\/\/www.harry-hope.com\/ca\/wp-content\/uploads\/sites\/8\/2023\/12\/noise.png\",\n      ];\n  \n  var rUrlArrayNumber = rUrlArray.length;\n  var randomNumber = Math.floor(Math.random() * rUrlArrayNumber); \n  \n  var rUrlToLoad = rUrlArray[randomNumber];\n  rImageItem.css({'background-image': 'url(' + rUrlToLoad + ')'}); \n  \n  \/\/set background color \n    var rBgColorArray = [\n        \"#616161\",\n      ]; \n  \n  var rBgColorToLoad = rBgColorArray[randomNumber];\n  rImageItem.css({'background-color': rBgColorToLoad}); \n   \n  \/\/set background position \n    var rBgPositionArray = [\n        \"left top\",\n      ];  \n   \n  var rBgPositionToLoad = rBgPositionArray[randomNumber];\n  rImageItem.css({'background-position': rBgPositionToLoad}); \n  \n  \/\/set background blend mode\n    var rBgBlendModeArray = [\n        \"overlay\",\n      ];  \n   \n  var rBgBlendModeToLoad = rBgBlendModeArray[randomNumber];\n  rImageItem.css({'background-blend-mode': rBgBlendModeToLoad}); \n   \n   \/\/debug mode\t\n  var dataDebug = rImage.data(\"debug\");\n  var dataEditor = rImage.data(\"editor\");\n   \n  if(dataDebug == false)\n    return(false);\n   \n  if(dataEditor == 'no')\n    return(false);\n     \n  rImage.children().addClass('ue-cloned');\n  var rImageHtml = rImage.html();\n  var parentElementorSection = rImage.parents('.elementor-section');\n   \n  for(let i=0;i<rUrlArrayNumber;i++){\n      \/\/clone html elements\n      rImage.append(rImageHtml);\n      \n      var rImageBoxCloned = rImage.children();\n      \n      \/\/remove last html element\n      rImageBoxCloned.eq(rUrlArrayNumber).remove();\n      \n      var rImageElementCloned = rImageBoxCloned.eq(i);\n\n      \/\/set url for each cloned image\n      rImageElementCloned.css({'background-image': 'url(' + rUrlArray[i] + ')'});\n      \n      \/\/set background color for each cloned image\n      rImageElementCloned.css({'background-color': rBgColorArray[i]});\n      \n      \/\/set background position for each cloned image\n      rImageElementCloned.css({'background-position': rBgPositionArray[i]});\n      \n      \/\/set background blend mode for each cloned image\n      rImageElementCloned.css({'background-blend-mode': rBgBlendModeArray[i]}); \n      \n  }\n   \n});\n<\/script>\n<!-- end Random Background -->\t\t\t<\/template>\n\t\t<\/div>\n\t\t\n\t\t<div class=\"elementor-element elementor-element-8ba3744 e-flex e-con-boxed e-con e-parent\" data-id=\"8ba3744\" data-element_type=\"container\" data-e-type=\"container\" data-settings=\"{&quot;jet_parallax_layout_list&quot;:[]}\">\n\t\t\t\t\t<div class=\"e-con-inner\">\n\t\t\t\t<div class=\"elementor-element elementor-element-03d6da4 elementor-widget elementor-widget-text-editor\" data-id=\"03d6da4\" data-element_type=\"widget\" data-e-type=\"widget\" data-widget_type=\"text-editor.default\">\n\t\t\t\t<div class=\"elementor-widget-container\">\n\t\t\t\t\t\t\t\t\t<h2>Informations l\u00e9gales<\/h2><p>La soci\u00e9t\u00e9<\/p><p>Cabinet de recrutement Harry Hope Inc.<\/p><p>Soci\u00e9t\u00e9 par actions au capital social de 100 $<\/p><p>410-6000 boul. de Rome Brossard (Qu\u00e9bec) J4Y0B6 Canada<\/p><p>Num\u00e9ro d&rsquo;entreprise du Qu\u00e9bec (NEQ) 1178814290<\/p><p>514-567-4466<\/p><p>contact.canada@harry-hope.com<\/p><p>Num\u00e9ro de TVQ (QST)\u00a0: 1230724446 TQ0001<\/p><p>Num\u00e9ro de TPS (GST)\u00a0: 735012213 RT0001<\/p><p>\u00a0<\/p><p>Directeur de la publication<\/p><p>Monsieur Nicolas PUZIN<\/p><p>\u00a0<\/p><p>Conception \u2013 h\u00e9bergement \u2013 infog\u00e9rance<\/p><p>SAS VIAEVISTA 16 rue de Malz\u00e9ville, 54130 Dommartemont Cedex<\/p><p>03 72 39 59 59<\/p><p>www.viaevista.fr<\/p><p>SIREN : 490 185 865 RCS Nancy<\/p><p>Code APE : 6201 Z<\/p><p>\u00a0<\/p><p>Tous les serveurs de Cabinet de recrutement Harry Hope Inc. sont localis\u00e9s en France M\u00e9tropolitaine et aucune donn\u00e9e n\u2019est revendue \u00e0 des tiers.<\/p><p>\u00a0<\/p><p><strong>Conditions g\u00e9n\u00e9rales d\u2019utilisation<\/strong><\/p><p>Pr\u00e9ambule<\/p><p>Cabinet de recrutement Harry Hope Inc. est une soci\u00e9t\u00e9 dont la sp\u00e9cialit\u00e9 est la recherche, la s\u00e9lection, l\u2019orientation et le placement de personnel.<\/p><p>Pour accompagner les Recruteurs dans leur processus de recrutement et, les Candidats dans leur recherche d\u2019emploi, le Cabinet de recrutement Harry Hope Inc. met \u00e0 disposition de ses utilisateurs le site <a href=\"https:\/\/www.harry-hope.com\/ca\/fr\/\">https:\/\/www.harry-hope.com\/ca\/fr\/<\/a><\/p><p>\u00a0<\/p><p>Les pr\u00e9sentes Conditions G\u00e9n\u00e9rales d\u2019Utilisation pr\u00e9cisent les conditions d\u2019utilisation du Site et des services propos\u00e9s par Cabinet de recrutement Harry Hope Inc. quel que soit le statut de l\u2019Utilisateur (Recruteur ou Candidat).<\/p><p>Pour les besoins des pr\u00e9sentes, les termes ci-apr\u00e8s sont entendus comme suit :<\/p><ul><li>\u00ab Utilisateur \u00bb d\u00e9signe toute personne qui navigue sur le site internet, et\/ou qui consulte les informations publi\u00e9es (Candidat et Recruteur)\u00a0;<\/li><li>\u00ab Candidat \u00bb d\u00e9signe toutes personnes \u00e0 la recherche d\u2019un emploi\u00a0;<\/li><li>\u00ab Recruteur \u00bb d\u00e9signe toutes personnes et\/ou soci\u00e9t\u00e9s souhaitant publier des informations relatives \u00e0 des postes \u00e0 pourvoir, pour leur compte ou celui de tiers\u00a0;<\/li><li>\u00ab Service \u00bb d\u00e9signe les services de mise en relation des Recruteurs avec les Candidats, aux moyens notamment d\u2019outils de publication d\u2019annonces postes \u00e0 pourvoir, de transmission de CV, etc\u00a0;<\/li><li>\u00ab Site \u00bb le site Internet accessible \u00e0 l\u2019adresse\u00a0<a href=\"https:\/\/www.harry-hope.com\/ca\/fr\/\">https:\/\/www.harry-hope.com\/ca\/fr\/<\/a>\u00a0et \u00e9dit\u00e9 par Cabinet de recrutement Harry Hope Inc.<\/li><\/ul><p>\u00a0<\/p><h2><strong><u>Article 1 : Acceptation des \u00ab CGU \u00bb<\/u><\/strong><\/h2><p>En acc\u00e9dant au Site et en utilisant ses services selon les modalit\u00e9s pr\u00e9vues aux pr\u00e9sentes Conditions G\u00e9n\u00e9rales d\u2019Utilisation (ci-apr\u00e8s \u00ab CGU \u00bb), l\u2019Utilisateur reconnait avoir pris connaissance des pr\u00e9sentes CGU et accepter de s\u2019y conformer sans aucune r\u00e9serve.<\/p><p>Les pr\u00e9sentes conditions g\u00e9n\u00e9rales sont susceptibles de modification afin, notamment, de se conformer \u00e0 toutes dispositions l\u00e9gislatives ou r\u00e9glementaires nouvelles. Il est donc conseill\u00e9 aux Utilisateurs de se r\u00e9f\u00e9rer r\u00e9guli\u00e8rement \u00e0 la derni\u00e8re version des \u00ab CGU \u00bb, disponible en permanence sur le Site.<\/p><p>\u00a0<\/p><h2><strong><u>Article 2 : Accessibilit\u00e9 du service<\/u><\/strong><\/h2><p>Cabinet de recrutement Harry Hope Inc. s\u2019engage \u00e0 mettre en \u0153uvre les meilleurs moyens et \u00e0 faire ses meilleurs efforts pour assurer la disponibilit\u00e9 du pr\u00e9sent Site et de ses Services.<\/p><p>Toutefois, Cabinet de recrutement Harry Hope Inc. ne saurait \u00eatre tenu pour responsable des dommages et\/ou pr\u00e9judices, directs ou indirects, de quelque nature que ce soit, r\u00e9sultant d\u2019\u00e9ventuelles erreurs, d\u00e9lais ou incidents techniques r\u00e9sultant de cas de force majeure, de la d\u00e9faillance de l\u2019Utilisateur ou d\u2019un tiers, sans pr\u00e9judice du droit \u00e0 r\u00e9paration de l\u2019Utilisateur pour les cas o\u00f9 l\u2019indisponibilit\u00e9 serait imputable \u00e0 Cabinet de recrutement Harry Hope Inc.<\/p><p>Cabinet de recrutement Harry Hope Inc. d\u00e9cline, notamment toute responsabilit\u00e9 en cas de dommages d\u00e9coulant de tout acc\u00e8s ou impossibilit\u00e9 d\u2019acc\u00e8s au Site, de l\u2019utilisation de toute information fournie sur le Site et, plus g\u00e9n\u00e9ralement de toute utilisation non conforme et\/ou frauduleuse du Site, quelle que soit la personne \u00e0 l\u2019origine de celle-ci.<\/p><p>\u00a0<\/p><h2><strong><u>Article 3 : Utilisation du Site par le Candidat<\/u><\/strong><\/h2><p>Le Site permet au Candidat de consulter des offres d\u2019emploi\/de collaboration et, de pr\u00e9senter sa candidature (candidature spontan\u00e9e ou r\u00e9ponse \u00e0 des annonces publi\u00e9s).<\/p><p>Lorsqu\u2019il postule, le Candidat transmet volontairement ses donn\u00e9es personnelles (nom, pr\u00e9nom, coordonn\u00e9es, post recherch\u00e9, localisation) et a la possibilit\u00e9 de joindre son CV et\/ou un message.<\/p><p>Cabinet de recrutement Harry Hope Inc.\u00a0 re\u00e7oit les candidatures et, le cas \u00e9ch\u00e9ant analyse les CV des candidats pour les mettre en relation avec de potentiels Recruteurs. A cet effet, Cabinet de recrutement Harry Hope Inc. pourra contacter le Candidat afin de confirmer les informations renseign\u00e9es dans la candidature et, les verser dans sa base de donn\u00e9es en vue de pr\u00e9senter son profil \u00e0 de potentiels Recruteurs.<\/p><p>Dans le cas o\u00f9 une candidature pourra correspondre \u00e0 un profil recherch\u00e9, Cabinet de recrutement Harry Hope Inc. transmettra la candidature anonymis\u00e9e au Recruteur. Cette m\u00e9thode concourt \u00e0 la pr\u00e9vention de tout risque de discrimination.<\/p><p>Cabinet de recrutement Harry Hope Inc. ne garantit pas au Candidat le d\u00e9lai de r\u00e9ponse aux candidatures, ni que les Recruteurs r\u00e9pondront \u00e0 celles-ci. Par ailleurs, Cabinet de recrutement Harry Hope Inc. n\u2019est pas responsable des crit\u00e8res de pr\u00e9-s\u00e9lection ou des qualifications pr\u00e9sent\u00e9s dans les annonces.<\/p><p>\u00a0<\/p><h2><strong><u>Article 4 : Utilisation du Site par le Recruteur<\/u><\/strong><\/h2><p>Le Site permet au Recruteur de publier des offres d\u2019emploi\/de collaboration via l\u2019\u00ab Espace recruteurs \u00bb. A cette occasion, le Recruteur transmet certaines donn\u00e9es (nom, pr\u00e9nom, soci\u00e9t\u00e9, coordonn\u00e9es, post recherch\u00e9, localisation) et a la possibilit\u00e9 de joindre un message.<\/p><p>Dans le cas o\u00f9 une candidature pourra correspondre \u00e0 un profil recherch\u00e9, Cabinet de recrutement Harry Hope Inc. transmettra la candidature anonymis\u00e9e au Recruteur. Cette m\u00e9thode concourt \u00e0 la pr\u00e9vention de tout risque de discrimination. Les modalit\u00e9s de recrutement feront l\u2019objet de conditions g\u00e9n\u00e9rales accept\u00e9es par le Recruteur.<\/p><p>Cabinet de recrutement Harry Hope Inc. ne garantit pas au Recruteur le d\u00e9lai de r\u00e9ponse aux annonces publi\u00e9es sur le Site. Le service de Cabinet de recrutement Harry Hope Inc. ne saurait constituer une quelconque obligation de r\u00e9sultat. Cabinet de recrutement Harry Hope Inc. ne garantit pas au Recruteur la transmission de candidatures en r\u00e9ponse \u00e0 leurs offres. La responsabilit\u00e9 de Cabinet de recrutement Harry Hope Inc. ne saurait ainsi \u00eatre engag\u00e9e si aucun candidat n\u2019est pr\u00e9sent\u00e9 et\/ou retenu lors des entretiens finaux de s\u00e9lection.<\/p><p>\u00a0<\/p><h2><strong><u>Article 5 : Service client \u2013 Contenu du site<\/u><\/strong><\/h2><p>Les r\u00e9clamations qui portent sur les relations entre Candidats et Recruteurs ne sont pas recevables aupr\u00e8s de Cabinet de recrutement Harry Hope Inc.<\/p><p>Les r\u00e9clamations qui portent sur l\u2019utilisation du Site et\/ou du Service peuvent \u00eatre adress\u00e9es \u00e0 Cabinet de recrutement Harry Hope Inc., par courrier \u00e9lectronique \u00e0 l\u2019adresse suivante : <a href=\"mailto:dpo@harry-hope.com\">dpo@harry-hope.com<\/a> .\u00a0 A r\u00e9ception, Cabinet de recrutement Harry Hope Inc. s\u2019oblige \u00e0 appr\u00e9cier dans les meilleurs d\u00e9lais la recevabilit\u00e9 de la r\u00e9clamation, et \u00e0 y apporter une r\u00e9ponse dans un d\u00e9lai de deux mois.<\/p><p>Cabinet de recrutement Harry Hope Inc. s\u2019efforce de pr\u00e9senter des informations actualis\u00e9es sur son Site mais ne fait aucune d\u00e9claration ni ne consent aucune garantie ou engagement quant \u00e0 l\u2019exactitude, l\u2019actualit\u00e9 ou l\u2019exhaustivit\u00e9 des informations fournies.<\/p><p>\u00a0<\/p><h2><strong><u>Article 6 : Dur\u00e9e<\/u><\/strong><\/h2><p>Les pr\u00e9sentes CGU sont conclues pour une dur\u00e9e ind\u00e9termin\u00e9e \u00e0 compter de l\u2019utilisation du Site par l\u2018Utilisateur.<\/p><p>\u00a0<\/p><h2><strong><u>Article 7 : Propri\u00e9t\u00e9 intellectuelle<\/u><\/strong><\/h2><p>Les droits d\u2019auteur attach\u00e9s \u00e0 tout contenu fourni sur ce site Web appartiennent \u00e0 Cabinet de recrutement Harry Hope Inc. ou au propri\u00e9taire tiers du contenu. Sous r\u00e9serve des stipulations des pr\u00e9sentes, aucun contenu de ce site Web ne peut \u00eatre copi\u00e9, reproduit, distribu\u00e9, republi\u00e9, t\u00e9l\u00e9charg\u00e9, affich\u00e9, mis en ligne ni transmis sous quelque forme et de quelque mani\u00e8re que ce soit, y compris notamment sous forme \u00e9lectronique, photocopie m\u00e9canique, enregistrement ou autre sans l\u2019autorisation \u00e9crite pr\u00e9alable de Cabinet de recrutement Harry Hope Inc. ou du propri\u00e9taire tiers du contenu.<\/p><p>L\u2019utilisation non autoris\u00e9e d\u2019un contenu de ce site peut constituer une violation des lois relatives aux droits d\u2019auteur, aux r\u00e9glementations relatives \u00e0 la confidentialit\u00e9 et \u00e0 la publicit\u00e9 et aux lois et r\u00e9glementations r\u00e9gissant les communications ainsi que toutes autres lois nationales et locales. Il est pr\u00e9cis\u00e9 que les photos figurant sur le Site sont uniquement descriptives et non contractuelles.<\/p><p>\u00a0<\/p><h2><strong><u>Article 8 : Donn\u00e9es personnelles \u2013 Confidentialit\u00e9 \u2013 Newsletter \u2013 Cookies \u2013 Liens hypertextes<\/u><\/strong><\/h2><p><a href=\"https:\/\/www.harry-hope.com\/ca\/fr\/charte-de-vie-privee\/\">Consulter notre Charte Vie Priv\u00e9e<\/a><\/p><p>\u00a0<\/p><p><strong>8.1. Principe <\/strong><\/p><p>Cabinet de recrutement Harry Hope Inc. S\u2019engage \u00e0 tenir confidentiel l\u2019ensemble des informations dont elle aurait eu connaissance dans le cadre de l\u2019utilisation de ses Services par les Utilisateurs et, \u00e0 prendre toutes les mesures, notamment de s\u00e9curit\u00e9, n\u00e9cessaires afin d\u2019assurer le respect de l\u2019int\u00e9grit\u00e9 et la confidentialit\u00e9 de ces informations. \u00a0<\/p><p>Conform\u00e9ment aux dispositions l\u00e9gales et\/ou r\u00e9glementaires relatives \u00e0 la protection des donn\u00e9es \u00e0 caract\u00e8re personnel, notamment la <em>Loi sur la protection des renseignements personnels et les documents \u00e9lectroniques<\/em>\u00a0(<em>LPRPDE<\/em>) ainsi que la <em>Loi sur la protection des renseignements personnels dans le secteur priv\u00e9 (Qu\u00e9bec)<\/em>, Cabinet de recrutement Harry Hope Inc. met en \u0153uvre des mesures techniques et organisationnelles appropri\u00e9es pour prot\u00e9ger les donn\u00e9es personnelles trait\u00e9es contre la destruction, la perte, le vol, l\u2019alt\u00e9ration, la divulgation ou l\u2019acc\u00e8s \u00e0 des tiers non autoris\u00e9s.\u00a0<\/p><p>Cabinet de recrutement Harry Hope Inc. r\u00e9alise actuellement une \u00e9valuation des facteurs relatifs \u00e0 la vie priv\u00e9e (EFVP) dans le cadre du transfert hors Qu\u00e9bec de renseignements \u00e0 caract\u00e8re personnel.<\/p><p>\u00a0<\/p><p><strong>8.2. Renseignements personnels<\/strong><\/p><p>Les Utilisateurs du Site sont susceptibles de communiquer des renseignements \u00e0 caract\u00e8re personnel faisant l\u2019objet d\u2019un traitement automatis\u00e9 ou non pour les finalit\u00e9s suivantes\u00a0:<\/p><ul><li>\u00a0\u00a0 \u00a0La gestion des dossiers des Candidats ;<\/li><li>\u00a0\u00a0 \u00a0La transmission d\u2019informations sur les offres et services de Cabinet de recrutement Harry Hope Inc. et\/ou de ses partenaires ;<\/li><li>\u00a0\u00a0 \u00a0L\u2019envoi d\u2019informations et d\u2019alerte (nouvelles offres ; nouveau profil\u00a0; etc).<\/li><li>\u00a0\u00a0 \u00a0L\u2019utilisation \u00e0 des fins statistiques d\u2019informations relatives \u00e0 la navigation. \u00a0<\/li><\/ul><p>Pour acc\u00e9der aux Services propos\u00e9s par le Site, tout Utilisateur transmet volontairement des renseignements lors de demande de publication d\u2019annonces ou lors de candidature. Tout Utilisateur autorise ainsi Cabinet de recrutement Harry Hope Inc. \u00e0 le contacter et \u00e0 partager ces informations aupr\u00e8s des autres Utilisateurs d\u00e8s lors que ces informations sont pertinentes et n\u00e9cessaire pour la r\u00e9alisation de l\u2019objet de mise en relation entre Candidats et Recruteurs.<\/p><ul><li>Pour un Candidat, les informations collect\u00e9es sont, notamment : nom et pr\u00e9nom, adresse email, num\u00e9ro de t\u00e9l\u00e9phone, localisation, poste recherch\u00e9. Le Candidat a la possibilit\u00e9 de t\u00e9l\u00e9charger son CV et de laisser un message.<\/li><\/ul><p>Dans ces conditions, le Candidat autorise Cabinet de recrutement Harry Hope Inc. \u00e0 le contacter pour accuser r\u00e9ception de sa candidature, \u00e0 le contacter pour v\u00e9rifier les informations transmises, \u00e0 diffuser ses donn\u00e9es aupr\u00e8s de tiers Recruteurs susceptibles d\u2019\u00eatre int\u00e9ress\u00e9s par son profil, \u00e0 conserver les informations aux fins de campagne de recrutement ult\u00e9rieure.<\/p><ul><li>Pour un Recruteur, les informations collect\u00e9es sont, notamment\u00a0: nom et pr\u00e9nom, soci\u00e9t\u00e9, coordonn\u00e9es, post recherch\u00e9, localisation. Le Recruteur a la possibilit\u00e9 de joindre un message.<\/li><\/ul><p>Dans ces conditions, le Recruteur autorise Cabinet de recrutement Harry Hope Inc. \u00e0 le contacter pour accuser r\u00e9ception de l\u2019annonce, \u00e0 le contacter pour v\u00e9rifier les informations transmises, \u00e0 diffuser les annonces sur son site et aupr\u00e8s de candidats susceptibles d\u2019\u00eatre int\u00e9ress\u00e9s par l\u2019annonce, \u00e0 conserver les informations aux fins de campagne de recrutement ult\u00e9rieure.<\/p><p>Aucun renseignement personnel n\u2019est revendu \u00e0 d\u2019autres tiers.<\/p><p>Les donn\u00e9es collect\u00e9es sont conserv\u00e9es par Cabinet de recrutement Harry Hope Inc. pour une dur\u00e9e de 2 ans \u00e0 compter du dernier contact. Au-del\u00e0, les donn\u00e9es seront conserv\u00e9es avec votre accord expr\u00e8s.<\/p><p>Conform\u00e9ment aux lois relatives \u00e0 la protection des renseignements personnels applicables au Qu\u00e9bec (<em>Loi sur la protection des renseignements personnels dans le secteur priv\u00e9<\/em>, compl\u00e9t\u00e9e par la <em>Loi 25 <\/em>ou<em> Loi modernisant des dispositions l\u00e9gislatives en mati\u00e8re de protection des renseignements personnels<\/em>, et la <em>Loi sur la protection des renseignements personnels et les documents \u00e9lectroniques<\/em>) Cabinet de recrutement Harry Hope Inc. garantit \u00e0 ses Utilisateurs Candidats un droit d\u2019acc\u00e8s, de portabilit\u00e9, de correction, d\u2019effacement, de d\u00e9r\u00e9f\u00e9rencement de leurs renseignements personnels. Ces demandes doivent \u00eatre adress\u00e9es au Responsable de la protection des renseignements personnels \u00e0 l\u2019adresse suivante\u00a0: dpo@harryhope.com ou \u00e0 l\u2019adresse postale\u00a0: 410-6000 boul. de Rome Brossard (Qu\u00e9bec) J4Y0B6 Canada.<\/p><p>\u00a0<\/p><p><strong>8.3. Confidentialit\u00e9<\/strong><\/p><p>Tous les renseignements relatifs aux Utilisateurs, de quelque nature qu\u2019ils soient, sont consid\u00e9r\u00e9s et trait\u00e9s comme confidentiels (plus particuli\u00e8rement les renseignements concernant les Candidats). L\u2019Utilisateur s\u2019engage \u00e0 ne pas divulguer tout ou partie des renseignements confidentiels \u00e0 des tiers et \u00e0 ne pas les utiliser dans un autre but que celui pour lequel ils ont \u00e9t\u00e9 collect\u00e9s.<\/p><p>\u00a0<\/p><p><strong>8.4. Utilisation de fichiers t\u00e9moins <\/strong><\/p><p>Afin d\u2019am\u00e9liorer la qualit\u00e9 de son service et de mieux r\u00e9pondre aux attentes de ses utilisateurs, Cabinet de recrutement Harry Hope Inc. pourra \u00eatre amen\u00e9 \u00e0 collecter des renseignements nominatifs sur l\u2019utilisateur, notamment par l\u2019utilisation de marqueurs (cookies). L\u2019acception de ces derniers est obligatoire pour toute publication d\u2019annonce ou d\u00e9p\u00f4t de candidature.\u00a0\u00a0Les cookies sont des petits fichiers qui sont d\u00e9pos\u00e9s sur l\u2019ordinateur de l\u2019utilisateur du Site dans le seul but de faciliter sa navigation sur le Site et de personnaliser le service qui lui est propos\u00e9. L\u2019utilisateur a la possibilit\u00e9 de param\u00e9trer les cookies en cliquant ici.<\/p><p>\u00a0<\/p><p><strong>8.5. Liens hypertextes <\/strong><\/p><p>Le Site peut comporter des liens hypertextes. L\u2019existence d\u2019un lien de ce Site vers un autre site ne constitue pas une validation de ce site ou de son contenu. La cr\u00e9ation des liens hypertextes vers le Site ne peut \u00eatre faite qu\u2019avec l\u2019autorisation \u00e9crite et pr\u00e9alable de Cabinet de recrutement Harry Hope Inc.<\/p><p>\u00a0<\/p><h2><strong><u>Article 9 : Cessions<\/u><\/strong><\/h2><p>L\u2019Utilisateur n\u2019est en aucun cas autoris\u00e9 \u00e0 c\u00e9der ou transf\u00e9rer de quelque mani\u00e8re que ce soit ses droits ou obligations au titre des pr\u00e9sentes CGU, \u00e0 moins que Cabinet de recrutement Harry Hope Inc. y ait express\u00e9ment consenti par \u00e9crit.\u00a0<\/p><p>\u00a0<\/p><h2><strong><u>Article 10 : Droit applicable \u2013 attribution de comp\u00e9tence<\/u><\/strong><\/h2><p>Les contenus et transmissions de donn\u00e9es sur et autour du Site sont r\u00e9gis par les lois de la Province de Qu\u00e9bec et les lois f\u00e9d\u00e9rales applicables \u00e0 la Province de Qu\u00e9bec. En cas de litige, les juridictions territorialement comp\u00e9tentes sont celles du si\u00e8ge de Cabinet de recrutement Harry Hope Inc. (Qu\u00e9bec, Canada). En cas de diff\u00e9rend, une solution amiable sera recherch\u00e9e avant toute action judiciaire. Les Utilisateurs peuvent\u00a0\u00e9galement s\u2019adresser au service r\u00e9clamation de Cabinet de recrutement Harry Hope Inc. \u00e0 l\u2019adresse \u00e9lectronique\u00a0<a href=\"mailto:dpo@harry-hope.com\">dpo@harry-hope.com<\/a>.\u00a0<\/p>\t\t\t\t\t\t\t\t<\/div>\n\t\t\t\t<\/div>\n\t\t\t\t\t<\/div>\n\t\t\t\t<\/div>\n\t\t\t\t<\/div>\n\t\t","protected":false},"excerpt":{"rendered":"<p>Mentions L\u00e9gales Informations l\u00e9gales La soci\u00e9t\u00e9 Cabinet de recrutement Harry Hope Inc. Soci\u00e9t\u00e9 par actions au capital social de 100 $ 410-6000 boul. de Rome Brossard (Qu\u00e9bec) J4Y0B6 Canada Num\u00e9ro d&rsquo;entreprise du Qu\u00e9bec (NEQ) 1178814290 514-567-4466 contact.canada@harry-hope.com Num\u00e9ro de TVQ (QST)\u00a0: 1230724446 TQ0001 Num\u00e9ro de TPS (GST)\u00a0: 735012213 RT0001 \u00a0 Directeur de la publication Monsieur [&hellip;]<\/p>\n","protected":false},"author":2,"featured_media":0,"parent":0,"menu_order":0,"comment_status":"closed","ping_status":"closed","template":"","meta":{"content-type":"","footnotes":""},"class_list":["post-48805","page","type-page","status-publish","hentry"],"_links":{"self":[{"href":"https:\/\/www.harry-hope.com\/ca\/fr\/wp-json\/wp\/v2\/pages\/48805","targetHints":{"allow":["GET"]}}],"collection":[{"href":"https:\/\/www.harry-hope.com\/ca\/fr\/wp-json\/wp\/v2\/pages"}],"about":[{"href":"https:\/\/www.harry-hope.com\/ca\/fr\/wp-json\/wp\/v2\/types\/page"}],"author":[{"embeddable":true,"href":"https:\/\/www.harry-hope.com\/ca\/fr\/wp-json\/wp\/v2\/users\/2"}],"replies":[{"embeddable":true,"href":"https:\/\/www.harry-hope.com\/ca\/fr\/wp-json\/wp\/v2\/comments?post=48805"}],"version-history":[{"count":4,"href":"https:\/\/www.harry-hope.com\/ca\/fr\/wp-json\/wp\/v2\/pages\/48805\/revisions"}],"predecessor-version":[{"id":51397,"href":"https:\/\/www.harry-hope.com\/ca\/fr\/wp-json\/wp\/v2\/pages\/48805\/revisions\/51397"}],"wp:attachment":[{"href":"https:\/\/www.harry-hope.com\/ca\/fr\/wp-json\/wp\/v2\/media?parent=48805"}],"curies":[{"name":"wp","href":"https:\/\/api.w.org\/{rel}","templated":true}]}}