{"id":47395,"date":"2024-02-08T17:06:31","date_gmt":"2024-02-08T16:06:31","guid":{"rendered":"https:\/\/www.harry-hope.com\/lu\/charta-zum-schutz-der-privatsphaere\/"},"modified":"2025-05-15T10:18:43","modified_gmt":"2025-05-15T08:18:43","slug":"charta-zum-schutz-der-privatsphaere","status":"publish","type":"page","link":"https:\/\/www.harry-hope.com\/lu\/de\/charta-zum-schutz-der-privatsphaere\/","title":{"rendered":"Charta zum Schutz der Privatsph\u00e4re"},"content":{"rendered":"\t\t<div data-elementor-type=\"wp-page\" data-elementor-id=\"47395\" class=\"elementor elementor-47395 elementor-47344\" data-elementor-post-type=\"page\">\n\t\t\t\t<div class=\"elementor-element elementor-element-e626f90 e-flex e-con-boxed e-con e-parent\" data-id=\"e626f90\" data-element_type=\"container\" data-e-type=\"container\" data-settings=\"{&quot;background_background&quot;:&quot;classic&quot;,&quot;jet_parallax_layout_list&quot;:[]}\">\n\t\t\t\t\t<div class=\"e-con-inner\">\n\t\t<div class=\"elementor-element elementor-element-86865b7 e-con-full e-flex e-con e-child\" data-id=\"86865b7\" data-element_type=\"container\" data-e-type=\"container\" data-settings=\"{&quot;jet_parallax_layout_list&quot;:[]}\">\n\t\t\t\t<div class=\"elementor-element elementor-element-25c7088 elementor-widget elementor-widget-heading\" data-id=\"25c7088\" data-element_type=\"widget\" data-e-type=\"widget\" data-widget_type=\"heading.default\">\n\t\t\t\t<div class=\"elementor-widget-container\">\n\t\t\t\t\t<h2 class=\"elementor-heading-title elementor-size-default\">Charta zum Schutz der Privatsph\u00e4re\n<\/h2>\t\t\t\t<\/div>\n\t\t\t\t<\/div>\n\t\t\t\t<\/div>\n\t\t\t\t\t<\/div>\n\t\t\t\t<\/div>\n\t\t\t\t<div class=\"unlimited-elements-background-overlay\" data-forid=\"e626f90\" data-location=\"back\" style=\"display:none\">\n\t\t\t<template>\n\t\t\t\n<!-- start Random Background -->\n<style>\/* widget: Random Background *\/\n\n#uc_random_background_widget_bg_addon18573\n{\n  \t\n  \tposition:absolute;\n  \t  \n  top:0;\n  bottom:0;\n  right:0;\n  left:0;\n}\n\n#uc_random_background_widget_bg_addon18573 .ue-random-bg-item\n{\n  position:absolute;\n  top:0;\n  bottom:0;\n  right:0;\n  left:0;\n  background-repeat:repeat !important;\n}\n\n#uc_random_background_widget_bg_addon18573 .ue-cloned{\nheight: 500px;\nposition: static;\n}\n\n<\/style>\n\n<div id=\"uc_random_background_widget_bg_addon18573\" class=\"random-bg\" data-debug=\"false\" data-editor=\"no\">\n  <div class=\"ue-random-bg-item\"><\/div>\n<\/div>\n<script type=\"text\/javascript\"  id=\"ue_script_random_background_widget\">\n\n\/* Random Background scripts: *\/ \n\njQuery(document).ready(function(){\n  \n  var rImage = jQuery(\"#uc_random_background_widget_bg_addon18573\");\n  var rImageItem = rImage.find(\".ue-random-bg-item\");\n  \n  \/\/set image url \n    var rUrlArray = [\n        \"https:\/\/www.harry-hope.com\/lu\/wp-content\/uploads\/sites\/7\/2024\/02\/noise.png\",\n      ];\n  \n  var rUrlArrayNumber = rUrlArray.length;\n  var randomNumber = Math.floor(Math.random() * rUrlArrayNumber); \n  \n  var rUrlToLoad = rUrlArray[randomNumber];\n  rImageItem.css({'background-image': 'url(' + rUrlToLoad + ')'}); \n  \n  \/\/set background color \n    var rBgColorArray = [\n        \"#616161\",\n      ]; \n  \n  var rBgColorToLoad = rBgColorArray[randomNumber];\n  rImageItem.css({'background-color': rBgColorToLoad}); \n   \n  \/\/set background position \n    var rBgPositionArray = [\n        \"left top\",\n      ];  \n   \n  var rBgPositionToLoad = rBgPositionArray[randomNumber];\n  rImageItem.css({'background-position': rBgPositionToLoad}); \n  \n  \/\/set background blend mode\n    var rBgBlendModeArray = [\n        \"overlay\",\n      ];  \n   \n  var rBgBlendModeToLoad = rBgBlendModeArray[randomNumber];\n  rImageItem.css({'background-blend-mode': rBgBlendModeToLoad}); \n   \n   \/\/debug mode\t\n  var dataDebug = rImage.data(\"debug\");\n  var dataEditor = rImage.data(\"editor\");\n   \n  if(dataDebug == false)\n    return(false);\n   \n  if(dataEditor == 'no')\n    return(false);\n     \n  rImage.children().addClass('ue-cloned');\n  var rImageHtml = rImage.html();\n  var parentElementorSection = rImage.parents('.elementor-section');\n   \n  for(let i=0;i<rUrlArrayNumber;i++){\n      \/\/clone html elements\n      rImage.append(rImageHtml);\n      \n      var rImageBoxCloned = rImage.children();\n      \n      \/\/remove last html element\n      rImageBoxCloned.eq(rUrlArrayNumber).remove();\n      \n      var rImageElementCloned = rImageBoxCloned.eq(i);\n\n      \/\/set url for each cloned image\n      rImageElementCloned.css({'background-image': 'url(' + rUrlArray[i] + ')'});\n      \n      \/\/set background color for each cloned image\n      rImageElementCloned.css({'background-color': rBgColorArray[i]});\n      \n      \/\/set background position for each cloned image\n      rImageElementCloned.css({'background-position': rBgPositionArray[i]});\n      \n      \/\/set background blend mode for each cloned image\n      rImageElementCloned.css({'background-blend-mode': rBgBlendModeArray[i]}); \n      \n  }\n   \n});\n<\/script>\n<!-- end Random Background -->\t\t\t<\/template>\n\t\t<\/div>\n\t\t\n\t\t<div class=\"elementor-element elementor-element-dc761a7 e-flex e-con-boxed e-con e-parent\" data-id=\"dc761a7\" data-element_type=\"container\" data-e-type=\"container\" data-settings=\"{&quot;jet_parallax_layout_list&quot;:[]}\">\n\t\t\t\t\t<div class=\"e-con-inner\">\n\t\t\t\t<div class=\"elementor-element elementor-element-15991e1 elementor-widget elementor-widget-text-editor\" data-id=\"15991e1\" data-element_type=\"widget\" data-e-type=\"widget\" data-widget_type=\"text-editor.default\">\n\t\t\t\t<div class=\"elementor-widget-container\">\n\t\t\t\t\t\t\t\t\t<h2>Datenschutzrichtlinie HARRY HOPE LUXEMBURG<\/h2><p>Version: 12\/02\/2024<\/p><p>Identifikation :<\/p><p>Die Gesellschaft<\/p><p>HARRY HOPE LUXEMBURG<\/p><p>SAS mit einem Kapital von 30.000\u20ac<\/p><p>38 Rue de Hollerich L-1740 LUXEMBURG<\/p><p>Registrierungsnummer: B268850<\/p><p>Berechtigung zur Einrichtung: N\u00b010140630 \/ 0<\/p><p>Intrakommunale Mehrwertsteuer: LU342 243 38<\/p><p>HARRY HOPE LUXEMBOURG verpflichtet sich, die Vertraulichkeit Ihrer pers\u00f6nlichen Daten zu wahren. Zu diesem Zweck verarbeitet HARRY HOPE LUXEMBOURG Ihre pers\u00f6nlichen Daten gem\u00e4\u00df der Allgemeinen Datenschutzverordnung (DSGVO). <\/p><p>Diese Datenschutzrichtlinie erm\u00f6glicht es allen Nutzern der Website und der Dienste von HARRY HOPE LUXEMBOURG, sich \u00fcber die Rechte in Bezug auf die von ihnen \u00fcbermittelten pers\u00f6nlichen Daten und die Rechte in Bezug auf deren Verwendung durch HARRY HOPE zu informieren.<\/p><p>Diese Richtlinie gilt f\u00fcr die personenbezogenen Daten von Nutzern der Website, potenziellen Bewerbern, Bewerbern, Kunden und anderen Personen, die wir insbesondere zur Durchf\u00fchrung von Referenzen kontaktieren k\u00f6nnen.<\/p><h2><strong>Wer ist f\u00fcr die Verarbeitung Ihrer Daten verantwortlich?<\/strong><\/h2><p>HARRY HOPE LUXEMBOURG ist f\u00fcr die Verarbeitung Ihrer Daten verantwortlich.<\/p><p>In diesem Zusammenhang legt sie fest, welche Daten f\u00fcr ihre Dienste gesammelt werden m\u00fcssen und zu welchen Zwecken diese Daten gesammelt werden.<\/p><p>Aus diesem Grund verarbeitet und sch\u00fctzt HARRY HOPE LUXEMBOURG Ihre Daten in \u00dcbereinstimmung mit dem Gesetz und den Vorschriften, auf faire und transparente Weise.<\/p><h2><strong>Worin besteht die Verarbeitung personenbezogener Daten?<\/strong><\/h2><p>Personenbezogene Daten umfassen alle Informationen, die sich auf eine identifizierte oder identifizierbare nat\u00fcrliche Person beziehen.<\/p><p>Diese Informationen erm\u00f6glichen die direkte oder indirekte Identifizierung einer nat\u00fcrlichen Person.<\/p><p>Diese Identifizierung kann anhand eines einzelnen Datensatzes oder der Kreuzung einer Reihe von Datens\u00e4tzen erfolgen.<\/p><p>Die Verarbeitung personenbezogener Daten besteht aus einem Vorgang oder einer Reihe von Vorg\u00e4ngen, die sich auf personenbezogene Daten beziehen, unabh\u00e4ngig von den verwendeten Verfahren wie Sammeln, Aufzeichnen, Aufbewahren, Anpassen etc.<\/p><p>Jede Datenverarbeitung muss einen Zweck haben, einen vorher festgelegten Zweck, der ausdr\u00fccklich und rechtm\u00e4\u00dfig ist.<\/p><p>Die Verarbeitung Ihrer personenbezogenen Daten durch HARRY HOPE LUXEMBOURG ist daher f\u00fcr die Erbringung der Dienstleistungen erforderlich.<\/p><h2><strong>Welche personenbezogenen Daten werden verarbeitet?<\/strong><\/h2><p>HARRY HOPE LUXEMBOURG sammelt und verarbeitet Daten, Informationen und Ausk\u00fcnfte jeglicher Art, um seine verschiedenen Dienstleistungen, die auf seiner Website www.harry-hope.com zug\u00e4nglich sind, zu erbringen.<\/p><p>Diese Daten werden direkt von Ihnen oder von Dritten bereitgestellt.<\/p><p>HARRY HOPE LUXEMBURG verarbeitet keine sensiblen Daten wie Gesundheitsdaten, rassische oder ethnische, politische, philosophische oder religi\u00f6se Daten oder Daten \u00fcber die Gewerkschaftszugeh\u00f6rigkeit oder das Sexualleben.<\/p><p>Sie sind gesetzlich nicht verpflichtet, uns Ihre pers\u00f6nlichen Daten zu \u00fcbermitteln.<\/p><p>In diesem Fall entscheiden Sie immer frei, ob Sie diese Informationen an HARRY HOPE LUXEMBOURG weitergeben.<\/p><p>Bestimmte Informationen sind jedoch f\u00fcr die ordnungsgem\u00e4\u00dfe Erbringung der Dienstleistungen von HARRY HOPE LUXEMBOURG erforderlich. Aus diesem Grund kann HARRY HOPE LUXEMBOURG ohne bestimmte Daten m\u00f6glicherweise nicht in der Lage sein, mit Ihnen in Verbindung zu treten oder diese Beziehung fortzusetzen. <\/p><p>Die gesammelten Daten sind unterschiedlich, je nachdem, ob es sich bei der Person um einen potenziellen Bewerber, einen Bewerber, einen Nutzer der Website, Kunden oder eine andere Person handelt, die HARRY HOPE LUXEMBOURG insbesondere kontaktieren w\u00fcrde, um zus\u00e4tzliche Informationen \u00fcber einen Bewerber zu erhalten:<\/p><p><u>M\u00f6gliche Kandidatin :<\/u><\/p><ul><li>Name,<\/li><li>Koordinaten.<\/li><\/ul><p>So kann HARRY HOPE LUXEMBOURG Sie kontaktieren, um festzustellen, ob Sie unsere Dienste in Anspruch nehmen m\u00f6chten oder ob Sie von ihnen profitieren k\u00f6nnten.<\/p><p><u>Bewerberin:<\/u><\/p><ul><li>Name, Vorname, Alter\/Geburtsdatum, Geschlecht\/Geschlecht ;<\/li><li>Fotografie ;<\/li><li>E-Mail-Adresse, Telefonnummer, Postanschrift ;<\/li><li>gesuchte Position, Berufserfahrung, Ausbildung, Besch\u00e4ftigung, Gehalt, praktizierte Sprachen ;<\/li><li>Familiensituation, Zivilstand.<\/li><\/ul><p>Der Bewerber hat die M\u00f6glichkeit, seinen Lebenslauf hochzuladen und eine Nachricht zu \u00fcberbringen.<\/p><p>HARRY HOPE LUXEMBOURG kann zus\u00e4tzliche Informationen erhalten, wenn Sie sich entscheiden, uns diese mitzuteilen.<\/p><p>W\u00e4hrend des Prozesses der Kontaktaufnahme mit einem unserer Kunden k\u00f6nnten Sie uns auch die Kontaktdaten fr\u00fcherer Arbeitgeber \u00fcbermitteln, damit unsere Berater eine Referenzaufnahme durchf\u00fchren k\u00f6nnen.<\/p><p>Diese Drittpartei k\u00f6nnte uns zus\u00e4tzliche pers\u00f6nliche Daten \u00fcber Sie geben.<\/p><p><u>Nutzer der Website :<\/u><\/p><p>Damit unsere Website reibungslos funktioniert, werden Cookies verwendet, um verschiedene Nutzungsdaten zu sammeln.<\/p><p>Diese Daten erm\u00f6glichen es HARRY HOPE LUXEMBOURG, die Qualit\u00e4t der Website zu verbessern, die Nutzung der Website zu erleichtern und im Allgemeinen den Zugang zu unseren Dienstleistungen zu erleichtern.<\/p><p>Dar\u00fcber hinaus k\u00f6nnen die Nutzer der Website personenbezogene Daten \u00fcbermitteln, die zu folgenden Zwecken automatisiert oder nicht automatisiert verarbeitet werden:<\/p><ul><li>Verwaltung der Unterlagen der Bewerberinnen und Bewerber ;<\/li><li>die \u00dcbermittlung von Informationen \u00fcber Angebote und Dienstleistungen von Harry Hope und\/oder seinen Partnern ;<\/li><li>das Versenden von Informationen und Warnhinweisen (neue Angebote; neues Profil; etc.).<\/li><\/ul><p><u>Rekrutierender Kunde :<\/u><\/p><p>W\u00e4hrend der gesamten Gesch\u00e4ftsbeziehung speichert HARRY HOPE LUXEMBOURG Informationen \u00fcber seinen Gespr\u00e4chspartner. So werden HARRY HOPE LUXEMBOURG der Vor- und Nachname des Gespr\u00e4chspartners sowie der Name der Firma mitgeteilt.  Es werden zus\u00e4tzliche pers\u00f6nliche Daten verwendet, wie z. B. die E-Mail-Adresse und die Adresse des Ortes, an dem die Aktivit\u00e4t stattfindet.<\/p><p>Der werbende Kunde hat die M\u00f6glichkeit, eine Nachricht anzuh\u00e4ngen, was eine zus\u00e4tzliche \u00dcbermittlung von pers\u00f6nlichen Daten darstellen k\u00f6nnte.<\/p><p><u>Dritte, die es erm\u00f6glichen, zus\u00e4tzliche Informationen \u00fcber einen Bewerber zu erhalten :<\/u><\/p><p>Im Rahmen des Prozesses der Kontaktaufnahme zwischen einem Bewerber und einem Kunden kann der Bewerber aufgefordert werden, die Kontaktdaten eines Dritten anzugeben.<\/p><p>Der Zweck von HARRY HOPE LUXEMBOURG ist es, diese dritte Partei zu kontaktieren, um eine Referenzaufnahme durchzuf\u00fchren.<\/p><p>Dies erm\u00f6glicht es HARRY HOPE LUXEMBOURG, Informationen \u00fcber die fr\u00fcheren Positionen des Bewerbers und seine beruflichen F\u00e4higkeiten zu erhalten.<\/p><h2><strong>Wann erfassen wir Ihre Daten?<\/strong><\/h2><p>Die Datenerhebung erfolgt ab dem Zeitpunkt der Kontaktaufnahme mit Ihnen.<\/p><p>HARRY HOPE LUXEMBOURG sammelt Ihre Daten zu jedem Zeitpunkt der Beziehung, entweder in jeder Phase des Einstellungsverfahrens oder in jeder Phase der Gesch\u00e4ftsbeziehung.<\/p><p>Einige Ihrer Daten werden uns auf Ihre eigene Initiative hin insbesondere dann \u00fcbermittelt, wenn :<\/p><ul><li>Sie sich bewerben (Bewerbungsformular auf unserer Website) oder auf eine unserer Stellenausschreibungen antworten;<\/li><li>Sie wenden sich telefonisch an unsere Dienste ;<\/li><li>Sie positiv auf eine Interviewanfrage reagieren ;<\/li><li>Sie beantragen unsere Dienste;<\/li><li>Sie auf der Website von HARRY HOPE LUXEMBOURG surfen.<\/li><\/ul><p>HARRY HOPE LUXEMBURG kann Ihre pers\u00f6nlichen Daten auch von seinen Kunden, Lieferanten, Beratern oder sogar von anderen Bewerbern erhalten.<\/p><p>So werden Daten von HARRY HOPE LUXEMBOURG w\u00e4hrend der gesamten Dauer der Beziehung und \u00fcber verschiedene Kan\u00e4le gesammelt, wenn diese Daten vorher festgelegten Zwecken dienen.<\/p><h2><strong>Warum verarbeitet HARRY HOPE LUXEMBOURG Ihre Daten?<\/strong><\/h2><p>HARRY HOPE LUXEMBOURG verarbeitet Ihre Daten, um seine Aufgabe der Personalbeschaffung in \u00dcbereinstimmung mit den Erwartungen der Personalvermittler und der Bewerber zu erf\u00fcllen.<\/p><p>Die von HARRY HOPE LUXEMBOURG gesammelten personenbezogenen Daten werden automatisch oder nicht automatisch f\u00fcr die folgenden Zwecke verarbeitet:<\/p><ul><li>auf Ihre Anfragen zur Stellensuche\/Zusammenarbeit zu antworten und Sie gegebenenfalls darauf hinzuweisen, dass wir Ihnen keine Anzeige pr\u00e4sentieren k\u00f6nnen, die Ihren Suchkriterien entspricht;<\/li><li>sich mit Ihnen in Verbindung setzen, um den Erhalt Ihrer Bewerbung zu best\u00e4tigen;<\/li><li>die \u00fcbermittelten Informationen \u00fcberpr\u00fcfen ;<\/li><li>Ihre Informationen an Personalvermittler-Kunden weitergeben, die an Ihrem Profil interessiert sein k\u00f6nnten;<\/li><li>Ihre Daten aufbewahren, um Ihnen weitere Stellenangebote zu unterbreiten ;<\/li><li>auf Anfragen nach zus\u00e4tzlichen Informationen von Personalvermittlern, bei denen Ihre Bewerbung eingereicht werden k\u00f6nnte, zu reagieren;<\/li><li>an unseren Zufriedenheitsumfragen teilnehmen ;<\/li><li>die Verbesserung unserer Dienstleistungen ;<\/li><li>Direktmarketing, um Ihnen Informationen, Werbung oder Vorschl\u00e4ge zu Produkten oder Dienstleistungen zukommen zu lassen, die f\u00fcr Sie relevant sind;<\/li><li>Verwaltung der Akten von Bewerbern und Klienten ;<\/li><li>die \u00dcbermittlung von Informationen \u00fcber die Angebote und Dienstleistungen von HARRY HOPE LUXEMBOURG und\/oder seinen Partnern;<\/li><li>die Verwendung von Informationen \u00fcber die Navigation zu statistischen Zwecken.<\/li><\/ul><p>Die obige Liste von Zwecken ist nicht ersch\u00f6pfend.<\/p><h2><strong>An wen k\u00f6nnen Ihre Daten weitergegeben werden?<\/strong><\/h2><p>Ihre Daten werden vertraulich behandelt. Die Mitarbeiter von HARRY HOPE LUXEMBOURG sind an das Berufsgeheimnis gebunden, das in einer speziellen Klausel in ihrem Arbeitsvertrag festgehalten ist.<\/p><p>So und unter Beachtung der festgelegten Zwecke werden Ihre Daten nur bei :<\/p><ul><li>unsere Rekrutierungskunden ;<\/li><li>unsere Partner zu operativen Zwecken und zur Verwaltung Ihrer Anfragen ;<\/li><li>unsere Informations- und Speicherdienstleister ;<\/li><li>die Justizbeh\u00f6rden, die Wettbewerbsbeh\u00f6rde oder jede andere zust\u00e4ndige Beh\u00f6rde in dem vom Gesetz festgelegten Rahmen.<\/li><\/ul><p>Die Partner von HARRY HOPE LUXEMBOURG, deren Einschaltung aufgrund der Art der durchgef\u00fchrten Transaktion erforderlich ist, best\u00e4tigen, dass sie die Bestimmungen \u00fcber den Schutz personenbezogener Daten einhalten.<\/p><p>Die Kunden der Personalvermittler verpflichten sich zu den gleichen Verpflichtungen wie HARRY HOPE LUXEMBOURG in Bezug auf den Schutz der pers\u00f6nlichen Daten der Bewerber, die ihnen \u00fcbermittelt werden.<\/p><p>HARRY HOPE LUXEMBOURG speichert Ihre Daten nur innerhalb des Europ\u00e4ischen Wirtschaftsraums. Es werden keine pers\u00f6nlichen Daten an andere Dritte weiterverkauft.<\/p><h2><strong>Wie lange werden Ihre Daten aufbewahrt?<\/strong><\/h2><p>Ihre Daten werden nicht l\u00e4nger aufbewahrt, als es f\u00fcr die Verarbeitung, f\u00fcr die sie erhoben wurden, erforderlich ist, es sei denn, ein Gesetz oder eine Verordnung sieht eine l\u00e4ngere Aufbewahrungsdauer vor.<\/p><p>Daten \u00fcber Bewerber werden f\u00fcr zwei Jahre ab dem letzten Kontakt mit ihnen aufbewahrt. Dar\u00fcber hinaus werden die Daten nur mit Ihrer ausdr\u00fccklichen Zustimmung gespeichert.<\/p><p>In Bezug auf Kundendaten bewahrt HARRY HOPE LUXEMBOURG diese f\u00fcr 3 Jahre ab dem letzten Kontakt mit dem Kunden auf.<\/p><h2><strong>Welche Rechte haben Sie und wie k\u00f6nnen Sie sie aus\u00fcben?<\/strong><\/h2><p>Um Ihre Rechte auszu\u00fcben, k\u00f6nnen Sie Ihre Anfragen per E-Mail an die Adresse dpo@harry-hope.com oder per Post an die folgende Adresse richten: HARRY HOPE LUXEMBOURG &#8211; DPO &#8211; 49 Cours L\u00e9opold, 54000 NANCY (FRANKREICH).<\/p><p><u>Allgemeines Recht auf Widerspruch gegen Direktmarketing :<\/u><\/p><p>Sie k\u00f6nnen der Verwendung der von uns gesammelten, gespeicherten und verarbeiteten Daten zu Marketingzwecken jederzeit direkt per E-Mail an dpo@harry-hope.com oder per Post an die folgende Adresse widersprechen: HARRY HOPE LUXEMBOURG &#8211; DPO &#8211; 49 Cours L\u00e9opold 54000 NANCY.<\/p><p><u>Recht auf Zugang zu den Daten :<\/u><\/p><p>Sie haben das Recht, von HARRY HOPE LUXEMBOURG eine Best\u00e4tigung dar\u00fcber zu erhalten, ob personenbezogene Daten, die Sie betreffen, von HARRY HOPE LUXEMBOURG verarbeitet werden oder nicht.<\/p><p>Wenn HARRY HOPE LUXEMBOURG diese Daten verarbeitet, k\u00f6nnen Sie Zugang zu diesen Daten verlangen.<\/p><p>Gem\u00e4\u00df Artikel 15 der Verordnung haben Sie das Recht, Informationen \u00fcber die Verarbeitung Ihrer personenbezogenen Daten zu erhalten, insbesondere \u00fcber die Zwecke der Verarbeitung und die Kategorien der betroffenen personenbezogenen Daten.<\/p><p><u>Recht auf Berichtigung und Recht auf L\u00f6schung (&#8222;Recht auf Vergessenwerden&#8220;) :<\/u><\/p><p>Sie haben das Recht, von HARRY HOPE LUXEMBOURG die Berichtigung Ihrer personenbezogenen Daten zu verlangen, wenn diese unrichtig sind. Sie k\u00f6nnen Ihre personenbezogenen Daten auch vervollst\u00e4ndigen, wenn diese unvollst\u00e4ndig sind.<\/p><p>Sie haben das Recht, von HARRY HOPE LUXEMBOURG so schnell wie m\u00f6glich die L\u00f6schung der Sie betreffenden personenbezogenen Daten zu verlangen.<\/p><p>HARRY HOPE LUXEMBOURG ist verpflichtet, diese personenbezogenen Daten so schnell wie m\u00f6glich zu l\u00f6schen, wenn insbesondere die personenbezogenen Daten f\u00fcr die Zwecke, f\u00fcr die sie erhoben oder auf andere Weise verarbeitet wurden, nicht mehr erforderlich sind.<\/p><p>Dieses Recht auf L\u00f6schung ist in Artikel 17 der Verordnung ausdr\u00fccklich vorgesehen.<\/p><p><u>Recht auf Einschr\u00e4nkung der Verarbeitung :<\/u><\/p><p>Gem\u00e4\u00df den Bestimmungen von Artikel 18 der DSGVO haben Sie das Recht, in bestimmten Situationen die Einschr\u00e4nkung der Verarbeitung Ihrer personenbezogenen Daten zu verlangen.<\/p><p>Ihre so eingeschr\u00e4nkten Daten k\u00f6nnen nur mit Ihrer Zustimmung verarbeitet werden.<\/p><p><u>Recht auf Daten\u00fcbertragbarkeit :<\/u><\/p><p>Gem\u00e4\u00df Artikel 20 der DSGVO haben Sie das Recht, einen Teil Ihrer Daten in einem offenen und lesbaren Format abzurufen. So k\u00f6nnten Sie diese Daten f\u00fcr pers\u00f6nliche Zwecke weiterverwenden.<\/p><p><u>Nationale Kommission f\u00fcr Datenschutz :<\/u><\/p><p>Sie k\u00f6nnen sich immer an die Commission Nationale Pour La Protection Des Donn\u00e9es (CNPD) wenden:<\/p><p>15, Boulevard du Jazz<\/p><p>L-4370 BELVAUX<\/p><p>Telefon: (+352) 26 10 60 &#8211; 1<\/p><p>Fax: (+352) 26 10 60 &#8211; 6099<\/p><p><a href=\"https:\/\/cnpd.public.lu\/fr.html\" target=\"_blank\" rel=\"noopener\">https:\/\/cnpd.public.lu\/fr.html<\/a><\/p><p>Sie haben auch das Recht, eine Beschwerde bei der Commission Nationale Pour La Protection Des Donn\u00e9es (CNPD) einzureichen.<\/p>\t\t\t\t\t\t\t\t<\/div>\n\t\t\t\t<\/div>\n\t\t\t\t\t<\/div>\n\t\t\t\t<\/div>\n\t\t\t\t<\/div>\n\t\t","protected":false},"excerpt":{"rendered":"<p>Charta zum Schutz der Privatsph\u00e4re Datenschutzrichtlinie HARRY HOPE LUXEMBURG Version: 12\/02\/2024 Identifikation : Die Gesellschaft HARRY HOPE LUXEMBURG SAS mit einem Kapital von 30.000\u20ac 38 Rue de Hollerich L-1740 LUXEMBURG Registrierungsnummer: B268850 Berechtigung zur Einrichtung: N\u00b010140630 \/ 0 Intrakommunale Mehrwertsteuer: LU342 243 38 HARRY HOPE LUXEMBOURG verpflichtet sich, die Vertraulichkeit Ihrer pers\u00f6nlichen Daten zu wahren. [&hellip;]<\/p>\n","protected":false},"author":2,"featured_media":0,"parent":0,"menu_order":0,"comment_status":"closed","ping_status":"closed","template":"","meta":{"content-type":"","footnotes":""},"class_list":["post-47395","page","type-page","status-publish","hentry"],"_links":{"self":[{"href":"https:\/\/www.harry-hope.com\/lu\/de\/wp-json\/wp\/v2\/pages\/47395","targetHints":{"allow":["GET"]}}],"collection":[{"href":"https:\/\/www.harry-hope.com\/lu\/de\/wp-json\/wp\/v2\/pages"}],"about":[{"href":"https:\/\/www.harry-hope.com\/lu\/de\/wp-json\/wp\/v2\/types\/page"}],"author":[{"embeddable":true,"href":"https:\/\/www.harry-hope.com\/lu\/de\/wp-json\/wp\/v2\/users\/2"}],"replies":[{"embeddable":true,"href":"https:\/\/www.harry-hope.com\/lu\/de\/wp-json\/wp\/v2\/comments?post=47395"}],"version-history":[{"count":2,"href":"https:\/\/www.harry-hope.com\/lu\/de\/wp-json\/wp\/v2\/pages\/47395\/revisions"}],"predecessor-version":[{"id":55022,"href":"https:\/\/www.harry-hope.com\/lu\/de\/wp-json\/wp\/v2\/pages\/47395\/revisions\/55022"}],"wp:attachment":[{"href":"https:\/\/www.harry-hope.com\/lu\/de\/wp-json\/wp\/v2\/media?parent=47395"}],"curies":[{"name":"wp","href":"https:\/\/api.w.org\/{rel}","templated":true}]}}