{"id":47400,"date":"2024-02-08T17:05:03","date_gmt":"2024-02-08T16:05:03","guid":{"rendered":"https:\/\/www.harry-hope.com\/lu\/rechtliche-hinweise\/"},"modified":"2025-05-15T10:21:08","modified_gmt":"2025-05-15T08:21:08","slug":"rechtliche-hinweise","status":"publish","type":"page","link":"https:\/\/www.harry-hope.com\/lu\/de\/rechtliche-hinweise\/","title":{"rendered":"Rechtliche Hinweise"},"content":{"rendered":"\t\t<div data-elementor-type=\"wp-page\" data-elementor-id=\"47400\" class=\"elementor elementor-47400 elementor-47288\" data-elementor-post-type=\"page\">\n\t\t\t\t<div class=\"elementor-element elementor-element-89aeb5a e-flex e-con-boxed e-con e-parent\" data-id=\"89aeb5a\" data-element_type=\"container\" data-e-type=\"container\" data-settings=\"{&quot;background_background&quot;:&quot;classic&quot;,&quot;jet_parallax_layout_list&quot;:[]}\">\n\t\t\t\t\t<div class=\"e-con-inner\">\n\t\t<div class=\"elementor-element elementor-element-c7f5f65 e-con-full e-flex e-con e-child\" data-id=\"c7f5f65\" data-element_type=\"container\" data-e-type=\"container\" data-settings=\"{&quot;jet_parallax_layout_list&quot;:[]}\">\n\t\t\t\t<div class=\"elementor-element elementor-element-8832eb8 elementor-widget elementor-widget-heading\" data-id=\"8832eb8\" data-element_type=\"widget\" data-e-type=\"widget\" data-widget_type=\"heading.default\">\n\t\t\t\t<div class=\"elementor-widget-container\">\n\t\t\t\t\t<h2 class=\"elementor-heading-title elementor-size-default\">Rechtliche Hinweise<\/h2>\t\t\t\t<\/div>\n\t\t\t\t<\/div>\n\t\t\t\t<\/div>\n\t\t\t\t\t<\/div>\n\t\t\t\t<\/div>\n\t\t\t\t<div class=\"unlimited-elements-background-overlay\" data-forid=\"89aeb5a\" data-location=\"back\" style=\"display:none\">\n\t\t\t<template>\n\t\t\t\n<!-- start Random Background -->\n<style>\/* widget: Random Background *\/\n\n#uc_random_background_widget_bg_addon10440\n{\n  \t\n  \tposition:absolute;\n  \t  \n  top:0;\n  bottom:0;\n  right:0;\n  left:0;\n}\n\n#uc_random_background_widget_bg_addon10440 .ue-random-bg-item\n{\n  position:absolute;\n  top:0;\n  bottom:0;\n  right:0;\n  left:0;\n  background-repeat:repeat !important;\n}\n\n#uc_random_background_widget_bg_addon10440 .ue-cloned{\nheight: 500px;\nposition: static;\n}\n\n<\/style>\n\n<div id=\"uc_random_background_widget_bg_addon10440\" class=\"random-bg\" data-debug=\"false\" data-editor=\"no\">\n  <div class=\"ue-random-bg-item\"><\/div>\n<\/div>\n<script type=\"text\/javascript\"  id=\"ue_script_random_background_widget\">\n\n\/* Random Background scripts: *\/ \n\njQuery(document).ready(function(){\n  \n  var rImage = jQuery(\"#uc_random_background_widget_bg_addon10440\");\n  var rImageItem = rImage.find(\".ue-random-bg-item\");\n  \n  \/\/set image url \n    var rUrlArray = [\n        \"https:\/\/www.harry-hope.com\/lu\/wp-content\/uploads\/sites\/7\/2024\/02\/noise.png\",\n      ];\n  \n  var rUrlArrayNumber = rUrlArray.length;\n  var randomNumber = Math.floor(Math.random() * rUrlArrayNumber); \n  \n  var rUrlToLoad = rUrlArray[randomNumber];\n  rImageItem.css({'background-image': 'url(' + rUrlToLoad + ')'}); \n  \n  \/\/set background color \n    var rBgColorArray = [\n        \"#616161\",\n      ]; \n  \n  var rBgColorToLoad = rBgColorArray[randomNumber];\n  rImageItem.css({'background-color': rBgColorToLoad}); \n   \n  \/\/set background position \n    var rBgPositionArray = [\n        \"left top\",\n      ];  \n   \n  var rBgPositionToLoad = rBgPositionArray[randomNumber];\n  rImageItem.css({'background-position': rBgPositionToLoad}); \n  \n  \/\/set background blend mode\n    var rBgBlendModeArray = [\n        \"overlay\",\n      ];  \n   \n  var rBgBlendModeToLoad = rBgBlendModeArray[randomNumber];\n  rImageItem.css({'background-blend-mode': rBgBlendModeToLoad}); \n   \n   \/\/debug mode\t\n  var dataDebug = rImage.data(\"debug\");\n  var dataEditor = rImage.data(\"editor\");\n   \n  if(dataDebug == false)\n    return(false);\n   \n  if(dataEditor == 'no')\n    return(false);\n     \n  rImage.children().addClass('ue-cloned');\n  var rImageHtml = rImage.html();\n  var parentElementorSection = rImage.parents('.elementor-section');\n   \n  for(let i=0;i<rUrlArrayNumber;i++){\n      \/\/clone html elements\n      rImage.append(rImageHtml);\n      \n      var rImageBoxCloned = rImage.children();\n      \n      \/\/remove last html element\n      rImageBoxCloned.eq(rUrlArrayNumber).remove();\n      \n      var rImageElementCloned = rImageBoxCloned.eq(i);\n\n      \/\/set url for each cloned image\n      rImageElementCloned.css({'background-image': 'url(' + rUrlArray[i] + ')'});\n      \n      \/\/set background color for each cloned image\n      rImageElementCloned.css({'background-color': rBgColorArray[i]});\n      \n      \/\/set background position for each cloned image\n      rImageElementCloned.css({'background-position': rBgPositionArray[i]});\n      \n      \/\/set background blend mode for each cloned image\n      rImageElementCloned.css({'background-blend-mode': rBgBlendModeArray[i]}); \n      \n  }\n   \n});\n<\/script>\n<!-- end Random Background -->\t\t\t<\/template>\n\t\t<\/div>\n\t\t\n\t\t<div class=\"elementor-element elementor-element-2cc0cfd e-flex e-con-boxed e-con e-parent\" data-id=\"2cc0cfd\" data-element_type=\"container\" data-e-type=\"container\" data-settings=\"{&quot;jet_parallax_layout_list&quot;:[]}\">\n\t\t\t\t\t<div class=\"e-con-inner\">\n\t\t\t\t<div class=\"elementor-element elementor-element-a346a98 elementor-widget elementor-widget-text-editor\" data-id=\"a346a98\" data-element_type=\"widget\" data-e-type=\"widget\" data-widget_type=\"text-editor.default\">\n\t\t\t\t<div class=\"elementor-widget-container\">\n\t\t\t\t\t\t\t\t\t<h2>Rechtliche Informationen<\/h2><p>Die Gesellschaft<\/p><p>HARRY HOPE LUXEMBURG<\/p><p>SAS mit einem Kapital von 30.000 Euro<\/p><p>38 Rue de Hollerich L-1740 Luxemburg<\/p><p>Registrierungsnummer: B268850<\/p><p>Berechtigung zur Einrichtung: N\u00b010140630 \/ 0<\/p><p>Telefon: 03.54.17.01.17<\/p><p>E-Mail-Adresse: contact.luxembourg@harry-hope.com<\/p><p>Intrakommunale Mehrwertsteuer: LU342 243 38<\/p><p>Leiter der Ver\u00f6ffentlichung<\/p><p>Herr Nicolas PUZIN<\/p><p>Konzeption &#8211; Hosting &#8211; Outsourcing<\/p><p>SAS VIAEVISTA 16 rue de Malz\u00e9ville, 54130 Dommartemont Cedex (FRANKREICH)<\/p><p>03 72 39 59 59<\/p><p>www.viaevista.fr<\/p><p>SIREN: 490 185 865 RCS Nancy<\/p><p>APE-Code: 6201 Z<\/p><p>Alle Harry-Hope-Server. Die in Luxemburg gespeicherten Daten befinden sich in Frankreich und werden nicht an Dritte weiterverkauft.<\/p><h2><strong>Allgemeine Nutzungsbedingungen<\/strong><\/h2><p><strong><u>Pr\u00e4ambel<\/u><\/strong><\/p><p>Harry Hope. Luxemburg ist ein Unternehmen, das sich auf die Suche, Auswahl, Beratung und Vermittlung von Personal spezialisiert hat.<\/p><p>Harry Hope unterst\u00fctzt Personalverantwortliche in ihrem Einstellungsprozess und Bewerber bei ihrer Arbeitssuche. Luxemburg stellt seinen Nutzern die Website <a href=\"https:\/\/www.harry-hope.com\/lu\/de\/\">https:\/\/www.harry-hope.com\/lu\/fr\/<\/a> zur Verf\u00fcgung.<\/p><p>Die vorliegenden Allgemeinen Nutzungsbedingungen legen die Bedingungen f\u00fcr die Nutzung der Website und der von Harry Hope angebotenen Dienstleistungen fest. Luxemburg, ungeachtet des Status des Nutzers (Personalvermittler oder Bewerber). <\/p><p>F\u00fcr die Zwecke dieser Vereinbarung sind die folgenden Begriffe wie folgt zu verstehen:<\/p><p>  &#8222;Nutzer&#8220; bezeichnet jede Person, die auf der Website surft und die ver\u00f6ffentlichten Informationen abfragt (Bewerber und Personalvermittler).<\/p><p>  Der Begriff &#8222;Bewerber&#8220; bezeichnet alle Personen, die auf der Suche nach einer Besch\u00e4ftigung sind.<\/p><p> &#8222;Recruiter&#8220; bezeichnet alle Personen und\/oder Unternehmen, die Informationen \u00fcber offene Stellen f\u00fcr sich selbst oder f\u00fcr Dritte ver\u00f6ffentlichen m\u00f6chten.<\/p><p>  &#8222;Dienst&#8220; bezeichnet die Dienstleistungen, die Personalvermittler mit Bewerbern in Verbindung bringen, insbesondere durch die Ver\u00f6ffentlichung von Stellenanzeigen, die \u00dcbermittlung von Lebensl\u00e4ufen usw.<\/p><p>  &#8222;Website&#8220; die Website, die unter der Adresse <a href=\"https:\/\/www.harry-hope.com\/lu\/de\/\">https:\/\/www.harry-hope.com\/lu\/fr\/<\/a> zug\u00e4nglich ist und von Harry Hope herausgegeben wird. Luxemburg. <\/p><p><strong><u>Artikel 1: Annahme der &#8222;ANB&#8220;.<\/u><\/strong><\/p><p>Durch den Zugriff auf die Website und die Nutzung ihrer Dienste gem\u00e4\u00df den in den vorliegenden Allgemeinen Nutzungsbedingungen (im Folgenden &#8222;ANB&#8220;) festgelegten Modalit\u00e4ten best\u00e4tigt der Besucher, dass er die vorliegenden ANB zur Kenntnis genommen hat und sich damit einverstanden erkl\u00e4rt, sie ohne Vorbehalt einzuhalten.<\/p><p>Die vorliegenden Allgemeinen Gesch\u00e4ftsbedingungen k\u00f6nnen ge\u00e4ndert werden, um insbesondere neuen gesetzlichen Bestimmungen oder Vorschriften zu entsprechen. Es wird den Internetnutzern (Besuchern und Nutzern) daher empfohlen, sich regelm\u00e4\u00dfig auf die neueste Version der &#8222;AGB&#8220; zu beziehen, die st\u00e4ndig auf der Website verf\u00fcgbar ist.<\/p><p><strong><u>Artikel 2: Erreichbarkeit des Dienstes<\/u><\/strong><\/p><p>Harry Hope. Luxemburg verpflichtet sich, die besten Mittel einzusetzen und alle Anstrengungen zu unternehmen, um die Verf\u00fcgbarkeit dieser Website und ihrer Dienste zu gew\u00e4hrleisten.<\/p><p>Allerdings hat Harry Hope. Luxembourg kann nicht f\u00fcr direkte oder indirekte Sch\u00e4den und\/oder Nachteile jeglicher Art haftbar gemacht werden, die sich aus eventuellen Fehlern, Verz\u00f6gerungen oder technischen Zwischenf\u00e4llen ergeben, die durch h\u00f6here Gewalt, durch das Versagen des Nutzers oder eines Dritten verursacht werden, unbeschadet des Rechts des Nutzers auf Schadenersatz in F\u00e4llen, in denen die Nichtverf\u00fcgbarkeit Harry Hope zuzuschreiben ist. Luxemburg. <\/p><p>Harry Hope. Luxembourg lehnt insbesondere jede Haftung f\u00fcr Sch\u00e4den ab, die sich aus dem Zugriff oder der Unm\u00f6glichkeit des Zugriffs auf die Website, aus der Nutzung der auf der Website bereitgestellten Informationen und ganz allgemein aus der nicht ordnungsgem\u00e4\u00dfen und\/oder betr\u00fcgerischen Nutzung der Website ergeben, unabh\u00e4ngig davon, wer diese verursacht hat.<\/p><p><strong><u>Artikel 3: Nutzung der Website durch den Bewerber<\/u><\/strong><\/p><p>Die Website erm\u00f6glicht es dem Bewerber, Stellen-\/Kooperationsangebote einzusehen und sich zu bewerben (Initiativbewerbung oder Antwort auf ver\u00f6ffentlichte Anzeigen).<\/p><p>Bei einer Bewerbung \u00fcbermittelt der Bewerber freiwillig seine pers\u00f6nlichen Daten (Name, Vorname, Kontaktdaten, gesuchte Stelle, Standort) und hat die M\u00f6glichkeit, seinen Lebenslauf und\/oder eine Nachricht anzuh\u00e4ngen.<\/p><p>Harry Hope. Luxemburg erh\u00e4lt die Bewerbungen und analysiert ggf. die Lebensl\u00e4ufe der Bewerber, um sie mit potenziellen Personalvermittlern in Verbindung zu bringen. Zu diesem Zweck hat Harry Hope. Luxemburg kann den Bewerber kontaktieren, um die in der Bewerbung angegebenen Informationen zu best\u00e4tigen und sie in seine Datenbank aufzunehmen, um das Profil des Bewerbers potenziellen Personalvermittlern vorzustellen.<\/p><p>Falls eine Bewerbung einem gesuchten Profil entsprechen k\u00f6nnte, wird HARRY HOPE Luxembourg die anonymisierte Bewerbung an den Personalvermittler weiterleiten. Diese Methode tr\u00e4gt dazu bei, jegliches Diskriminierungsrisiko zu verhindern.<\/p><p>Harry Hope. Luxemburg garantiert dem Bewerber nicht, dass die Bewerbungen innerhalb einer bestimmten Frist beantwortet werden oder dass die Personalvermittler auf die Bewerbungen antworten werden. Im \u00dcbrigen hat Harry Hope. Luxembourg ist nicht verantwortlich f\u00fcr die Vorauswahlkriterien oder Qualifikationen, die in den Anzeigen dargestellt werden.<\/p><p><strong><u>Artikel 4: Nutzung der Website durch den Personalvermittler<\/u><\/strong><\/p><p>Die Seite erm\u00f6glicht es dem Personalvermittler, Stellenangebote\/Kooperationsangebote \u00fcber den &#8222;Personalvermittlerbereich&#8220; zu ver\u00f6ffentlichen. Bei dieser Gelegenheit \u00fcbermittelt der Personalvermittler bestimmte Daten (Name, Vorname, Firma, Kontaktdaten, gesuchte Stelle, Standort) und hat die M\u00f6glichkeit, eine Nachricht anzuh\u00e4ngen.<\/p><p>Falls eine Bewerbung einem gesuchten Profil entsprechen k\u00f6nnte, wird HARRY HOPE Luxembourg die anonymisierte Bewerbung an den Personalvermittler weiterleiten. Diese Methode tr\u00e4gt dazu bei, jegliches Diskriminierungsrisiko zu verhindern. Die Modalit\u00e4ten der Rekrutierung werden Gegenstand der Allgemeinen Gesch\u00e4ftsbedingungen sein, die vom Personalvermittler akzeptiert werden.<\/p><p>Harry Hope. Luxemburg garantiert dem Personalvermittler nicht, dass die auf der Webseite ver\u00f6ffentlichten Anzeigen innerhalb einer bestimmten Zeit beantwortet werden. Harry Hopes Dienst. Luxemburg kann keine Verpflichtung zu einem Ergebnis darstellen. Harry Hope. Luxemburg garantiert dem Personalvermittler nicht die \u00dcbermittlung von Bewerbungen als Antwort auf seine Angebote. Die Verantwortung von Harry Hope. Luxemburg kann daher nicht haftbar gemacht werden, wenn bei den abschlie\u00dfenden Auswahlgespr\u00e4chen kein Kandidat vorgestellt und\/oder ausgew\u00e4hlt wird.<\/p><p><strong><u>Artikel 5: Kundenservice &#8211; Inhalt der Seite<\/u><\/strong><\/p><p>Beschwerden, die sich auf die Beziehungen zwischen Bewerbern und Personalvermittlern beziehen, sind bei HARRY HOPE Luxembourg nicht zul\u00e4ssig.<\/p><p>Beschwerden \u00fcber die Nutzung der Website und\/oder des Dienstes k\u00f6nnen an Harry Hope gerichtet werden. Luxemburg, per E-Mail an die folgende Adresse gerichtet werden: <a href=\"mailto:contact.luxembourg@harry-hope.com\">contact.luxembourg@harry-hope.com<\/a>.  A Empfang, Harry Hope. Luxemburg verpflichtet sich, die Zul\u00e4ssigkeit der Beschwerde so schnell wie m\u00f6glich zu pr\u00fcfen und innerhalb von zwei Monaten eine Antwort zu geben.<\/p><p>Harry Hope. Luxembourg bem\u00fcht sich, aktuelle Informationen auf ihrer Website zu pr\u00e4sentieren, gibt jedoch keine Erkl\u00e4rungen, Garantien oder Zusagen bez\u00fcglich der Genauigkeit, Aktualit\u00e4t oder Vollst\u00e4ndigkeit der bereitgestellten Informationen ab.<\/p><p><strong><u>Artikel 6: Dauer<\/u><\/strong><\/p><p>Die vorliegenden ANB werden f\u00fcr eine unbestimmte Dauer ab dem Zeitpunkt der Nutzung der Website durch den Nutzer abgeschlossen.<\/p><p><strong><u>Artikel 7: Geistiges Eigentum  <\/u><\/strong><\/p><p>Das Urheberrecht an allen auf dieser Website bereitgestellten Inhalten liegt bei Harry Hope. Luxemburg oder dem dritten Eigent\u00fcmer des Inhalts. Vorbehaltlich der hierin enthaltenen Bestimmungen darf kein Inhalt dieser Website ohne die vorherige schriftliche Genehmigung von HARRY HOPE Luxembourg oder des dritten Eigent\u00fcmers des Inhalts kopiert, reproduziert, verteilt, neu ver\u00f6ffentlicht, heruntergeladen, angezeigt, online gestellt oder in irgendeiner Form und auf irgendeine Weise \u00fcbertragen werden, einschlie\u00dflich, aber nicht beschr\u00e4nkt auf elektronische Form, mechanische Fotokopie, Aufnahme oder auf andere Weise.  Die unbefugte Nutzung von Inhalten dieser Website kann gegen Urheberrechtsgesetze, Datenschutz- und Werbevorschriften, Kommunikationsgesetze und -vorschriften sowie alle anderen nationalen und lokalen Gesetze versto\u00dfen. Es wird darauf hingewiesen, dass die Fotos auf der Website lediglich beschreibenden Charakter haben und nicht vertraglich bindend sind.<\/p><p><strong><u>Artikel 8: Pers\u00f6nliche Daten &#8211; Datenschutz &#8211; Newsletter &#8211; Cookies &#8211; Hyperlinks<\/u><\/strong><\/p><p>Sehen Sie sich unsere Datenschutzrichtlinie an<\/p><p><strong><u>8.1 Prinzip  <\/u><\/strong><\/p><p>Harry Hope. Luxemburg verpflichtet sich, alle Informationen, von denen sie im Rahmen der Nutzung ihrer Dienste durch die Nutzer Kenntnis erlangt hat, vertraulich zu behandeln und alle erforderlichen Ma\u00dfnahmen, insbesondere Sicherheitsma\u00dfnahmen, zu ergreifen, um die Integrit\u00e4t und Vertraulichkeit dieser Informationen zu gew\u00e4hrleisten.  <\/p><p>In \u00dcbereinstimmung mit den gesetzlichen und\/oder regulatorischen Bestimmungen zum Schutz personenbezogener Daten, insbesondere der Verordnung (EU) 2016\/679, setzt HARRY HOPE Luxembourg angemessene technische und organisatorische Ma\u00dfnahmen ein, um die verarbeiteten personenbezogenen Daten gegen Zerst\u00f6rung, Verlust, \u00c4nderung, Offenlegung oder Zugriff durch unbefugte Dritte zu sch\u00fctzen.<\/p><p>Harry Hope. Luxemburg verpflichtet sich, diese pers\u00f6nlichen Daten aus keinem Grund au\u00dferhalb der Europ\u00e4ischen Union zu \u00fcbertragen.<\/p><p>Der Personalvermittler verpflichtet sich zu denselben Verpflichtungen wie Harry Hope. Die Kommission ist der Ansicht, dass die Kommission in Bezug auf den Schutz der pers\u00f6nlichen Daten von Bewerbern, deren Profile ihr \u00fcbermittelt werden k\u00f6nnten, mit der Kommission in Luxemburg zusammenarbeitet.<\/p><p>Jede Partei verpflichtet sich, daf\u00fcr zu sorgen, dass alle ihre Mitarbeiter und alle anderen Personen, denen sie Informationen zur Verf\u00fcgung stellen muss, diese Verpflichtungen zur Vertraulichkeit und zum Schutz personenbezogener Daten einhalten.<\/p><p><strong><u>8.2 Pers\u00f6nliche Daten<\/u><\/strong><\/p><p>Die Nutzer der Website k\u00f6nnen personenbezogene Daten \u00fcbermitteln, die zu folgenden Zwecken automatisiert oder nicht automatisiert verarbeitet werden:<\/p><ul><li>Die Verwaltung der Bewerberakten ;<\/li><li>Die \u00dcbermittlung von Informationen \u00fcber die Angebote und Dienstleistungen von Harry Hope. Luxemburg und\/oder seinen Partnern ;<\/li><li>Das Versenden von Informationen und Warnungen (neue Angebote; neues Profil; etc.).<\/li><li>Die Verwendung von Informationen \u00fcber die Navigation zu statistischen Zwecken.<\/li><\/ul><p>Um Zugang zu den auf der Website angebotenen Diensten zu erhalten, \u00fcbermittelt jeder Nutzer freiwillig Daten bei der Anfrage zur Ver\u00f6ffentlichung von Anzeigen oder bei einer Bewerbung. Jeder Nutzer erm\u00e4chtigt damit Harry Hope. Luxemburg, ihn zu kontaktieren und diese Informationen an andere Nutzer weiterzugeben, wenn diese Informationen relevant und notwendig sind, um den Zweck der Kontaktaufnahme zwischen Bewerbern und Personalvermittlern zu erf\u00fcllen.<\/p><p>F\u00fcr einen Bewerber werden u. a. folgende Informationen gesammelt: Vor- und Nachname, E-Mail-Adresse, Telefonnummer, Standort, gesuchte Position. Der Bewerber hat die M\u00f6glichkeit, seinen Lebenslauf hochzuladen und eine Nachricht zu hinterlassen.<\/p><p>Unter diesen Bedingungen erlaubt der Kandidat Harry Hope. Luxemburg, ihn zu kontaktieren, um den Erhalt seiner Bewerbung zu best\u00e4tigen, ihn zu kontaktieren, um die \u00fcbermittelten Informationen zu \u00fcberpr\u00fcfen, seine Daten an dritte Personalvermittler weiterzugeben, die an seinem Profil interessiert sein k\u00f6nnten, die Informationen f\u00fcr die Zwecke einer sp\u00e4teren Rekrutierungskampagne zu speichern.<\/p><p>F\u00fcr einen Personalvermittler werden unter anderem folgende Informationen gesammelt: Vor- und Nachname, Unternehmen, Kontaktdaten, gesuchte Stelle, Standort. Der Personalvermittler hat die M\u00f6glichkeit, eine Nachricht anzuh\u00e4ngen.<\/p><p>Unter diesen Umst\u00e4nden erlaubt die Personalvermittlerin Harry Hope. Luxemburg, ihn zu kontaktieren, um den Erhalt der Anzeige zu best\u00e4tigen, ihn zu kontaktieren, um die \u00fcbermittelten Informationen zu \u00fcberpr\u00fcfen, die Anzeigen auf seiner Website und an Kandidaten, die an der Anzeige interessiert sein k\u00f6nnten, zu verbreiten, die Informationen f\u00fcr sp\u00e4tere Rekrutierungskampagnen zu speichern.<\/p><p>Es werden keine pers\u00f6nlichen Daten an andere Dritte weiterverkauft.<\/p><p>Die gesammelten Daten werden von Harry Hope gespeichert. Luxemburg f\u00fcr eine Dauer von 2 Jahren ab dem letzten Kontakt. Dar\u00fcber hinaus werden die Daten mit Ihrer ausdr\u00fccklichen Zustimmung gespeichert.  <\/p><p>Gem\u00e4\u00df der Verordnung (EU) 2016\/679 des Europ\u00e4ischen Parlaments und des Rates vom 27. April 2016 ist Harry Hope. Luxemburg garantiert seinen Bewerbernutzern das Recht auf Zugang, Berichtigung, Einschr\u00e4nkung, Widerspruch, L\u00f6schung und \u00dcbertragbarkeit ihrer Daten. Solche Anfragen sind an den benannten Datenschutzbeauftragten (DPO) zu richten: dpo@harry-hope.com oder an die Postanschrift: HARRY HOPE &#8211; DPO &#8211; 49 Cours L\u00e9opold, 54000 NANCY (FRANKREICH).<\/p><p><strong><u>8.3 Vertraulichkeit<\/u><\/strong><\/p><p>Alle Informationen und Daten \u00fcber die Nutzer, gleich welcher Art, werden als vertraulich betrachtet und behandelt (insbesondere Informationen \u00fcber Bewerber). Der Nutzer verpflichtet sich, vertrauliche Informationen weder ganz noch teilweise an Dritte weiterzugeben und sie nicht f\u00fcr einen anderen Zweck als den, f\u00fcr den sie gesammelt wurden, zu verwenden.<\/p><p><strong><u>8.4 Cookies<\/u><\/strong><\/p><p>Um die Qualit\u00e4t seines Dienstes zu verbessern und den Erwartungen seiner Nutzer besser gerecht zu werden, hat Harry Hope. Luxembourg kann namentliche Daten \u00fcber den Nutzer sammeln, insbesondere durch die Verwendung von Markierungen (Cookies). Die Annahme dieser Cookies ist f\u00fcr jede Ver\u00f6ffentlichung einer Anzeige oder Einreichung einer Bewerbung zwingend erforderlich. Cookies sind kleine Dateien, die auf dem Computer des Nutzers der Website zu dem alleinigen Zweck abgelegt werden, ihm die Navigation auf der Website zu erleichtern und den angebotenen Service zu personalisieren. Der Nutzer hat die M\u00f6glichkeit, die Cookies einzustellen, indem er [hier] klickt.<\/p><p><strong><u>8.5 Hyperlinks<\/u><\/strong><\/p><p>Die Website kann Hyperlinks enthalten. Die Existenz eines Links von dieser Seite zu einer anderen Seite stellt keine Best\u00e4tigung dieser Seite oder ihres Inhalts dar. Die Erstellung von Hyperlinks zur Website darf nur mit vorheriger schriftlicher Genehmigung von Harry Hope erfolgen. Luxemburg. <\/p><p><strong><u>Artikel 9: Abtretungen<\/u><\/strong><\/p><p>Der Nutzer ist unter keinen Umst\u00e4nden berechtigt, seine Rechte oder Pflichten im Rahmen dieser ANB abzutreten oder in irgendeiner Weise zu \u00fcbertragen, es sei denn, Harry Hope. Luxemburg ausdr\u00fccklich schriftlich zugestimmt hat.<\/p><p><strong><u>Artikel 10: Anwendbares Recht &#8211; Zust\u00e4ndigkeitszuweisung<\/u><\/strong><\/p><p>Das auf die Inhalte und Daten\u00fcbertragungen auf und um die Website anwendbare Recht ist das luxemburgische Recht. Im Falle eines Rechtsstreits sind die Gerichte der Stadt Luxemburg territorial zust\u00e4ndig. Im Falle einer Streitigkeit wird vor der Einleitung gerichtlicher Schritte eine g\u00fctliche Einigung angestrebt. Die Nutzer k\u00f6nnen sich auch an die Beschwerdeabteilung von Harry Hope wenden. Luxemburg unter contact.luxembourg@harry-hope.com.<\/p>\t\t\t\t\t\t\t\t<\/div>\n\t\t\t\t<\/div>\n\t\t\t\t\t<\/div>\n\t\t\t\t<\/div>\n\t\t\t\t<\/div>\n\t\t","protected":false},"excerpt":{"rendered":"<p>Rechtliche Hinweise Rechtliche Informationen Die Gesellschaft HARRY HOPE LUXEMBURG SAS mit einem Kapital von 30.000 Euro 38 Rue de Hollerich L-1740 Luxemburg Registrierungsnummer: B268850 Berechtigung zur Einrichtung: N\u00b010140630 \/ 0 Telefon: 03.54.17.01.17 E-Mail-Adresse: contact.luxembourg@harry-hope.com Intrakommunale Mehrwertsteuer: LU342 243 38 Leiter der Ver\u00f6ffentlichung Herr Nicolas PUZIN Konzeption &#8211; Hosting &#8211; Outsourcing SAS VIAEVISTA 16 rue de [&hellip;]<\/p>\n","protected":false},"author":2,"featured_media":0,"parent":0,"menu_order":0,"comment_status":"closed","ping_status":"closed","template":"","meta":{"content-type":"","footnotes":""},"class_list":["post-47400","page","type-page","status-publish","hentry"],"_links":{"self":[{"href":"https:\/\/www.harry-hope.com\/lu\/de\/wp-json\/wp\/v2\/pages\/47400","targetHints":{"allow":["GET"]}}],"collection":[{"href":"https:\/\/www.harry-hope.com\/lu\/de\/wp-json\/wp\/v2\/pages"}],"about":[{"href":"https:\/\/www.harry-hope.com\/lu\/de\/wp-json\/wp\/v2\/types\/page"}],"author":[{"embeddable":true,"href":"https:\/\/www.harry-hope.com\/lu\/de\/wp-json\/wp\/v2\/users\/2"}],"replies":[{"embeddable":true,"href":"https:\/\/www.harry-hope.com\/lu\/de\/wp-json\/wp\/v2\/comments?post=47400"}],"version-history":[{"count":2,"href":"https:\/\/www.harry-hope.com\/lu\/de\/wp-json\/wp\/v2\/pages\/47400\/revisions"}],"predecessor-version":[{"id":55031,"href":"https:\/\/www.harry-hope.com\/lu\/de\/wp-json\/wp\/v2\/pages\/47400\/revisions\/55031"}],"wp:attachment":[{"href":"https:\/\/www.harry-hope.com\/lu\/de\/wp-json\/wp\/v2\/media?parent=47400"}],"curies":[{"name":"wp","href":"https:\/\/api.w.org\/{rel}","templated":true}]}}