{"id":47288,"date":"2024-02-08T17:05:03","date_gmt":"2024-02-08T16:05:03","guid":{"rendered":"https:\/\/www.harry-hope.com\/lu\/?page_id=47288"},"modified":"2025-05-15T10:20:49","modified_gmt":"2025-05-15T08:20:49","slug":"mentions-legales","status":"publish","type":"page","link":"https:\/\/www.harry-hope.com\/lu\/fr\/mentions-legales\/","title":{"rendered":"Mentions L\u00e9gales"},"content":{"rendered":"\t\t<div data-elementor-type=\"wp-page\" data-elementor-id=\"47288\" class=\"elementor elementor-47288\" data-elementor-post-type=\"page\">\n\t\t\t\t<div class=\"elementor-element elementor-element-89aeb5a e-flex e-con-boxed e-con e-parent\" data-id=\"89aeb5a\" data-element_type=\"container\" data-e-type=\"container\" data-settings=\"{&quot;background_background&quot;:&quot;classic&quot;,&quot;jet_parallax_layout_list&quot;:[]}\">\n\t\t\t\t\t<div class=\"e-con-inner\">\n\t\t<div class=\"elementor-element elementor-element-c7f5f65 e-con-full e-flex e-con e-child\" data-id=\"c7f5f65\" data-element_type=\"container\" data-e-type=\"container\" data-settings=\"{&quot;jet_parallax_layout_list&quot;:[]}\">\n\t\t\t\t<div class=\"elementor-element elementor-element-8832eb8 elementor-widget elementor-widget-heading\" data-id=\"8832eb8\" data-element_type=\"widget\" data-e-type=\"widget\" data-widget_type=\"heading.default\">\n\t\t\t\t<div class=\"elementor-widget-container\">\n\t\t\t\t\t<h2 class=\"elementor-heading-title elementor-size-default\">Mentions L\u00e9gales<\/h2>\t\t\t\t<\/div>\n\t\t\t\t<\/div>\n\t\t\t\t<\/div>\n\t\t\t\t\t<\/div>\n\t\t\t\t<\/div>\n\t\t\t\t<div class=\"unlimited-elements-background-overlay\" data-forid=\"89aeb5a\" data-location=\"back\" style=\"display:none\">\n\t\t\t<template>\n\t\t\t\n<!-- start Random Background -->\n<style>\/* widget: Random Background *\/\n\n#uc_random_background_widget_bg_addon14662\n{\n  \t\n  \tposition:absolute;\n  \t  \n  top:0;\n  bottom:0;\n  right:0;\n  left:0;\n}\n\n#uc_random_background_widget_bg_addon14662 .ue-random-bg-item\n{\n  position:absolute;\n  top:0;\n  bottom:0;\n  right:0;\n  left:0;\n  background-repeat:repeat !important;\n}\n\n#uc_random_background_widget_bg_addon14662 .ue-cloned{\nheight: 500px;\nposition: static;\n}\n\n<\/style>\n\n<div id=\"uc_random_background_widget_bg_addon14662\" class=\"random-bg\" data-debug=\"false\" data-editor=\"no\">\n  <div class=\"ue-random-bg-item\"><\/div>\n<\/div>\n<script type=\"text\/javascript\"  id=\"ue_script_random_background_widget\">\n\n\/* Random Background scripts: *\/ \n\njQuery(document).ready(function(){\n  \n  var rImage = jQuery(\"#uc_random_background_widget_bg_addon14662\");\n  var rImageItem = rImage.find(\".ue-random-bg-item\");\n  \n  \/\/set image url \n    var rUrlArray = [\n        \"https:\/\/www.harry-hope.com\/lu\/wp-content\/uploads\/sites\/7\/2024\/02\/noise.png\",\n      ];\n  \n  var rUrlArrayNumber = rUrlArray.length;\n  var randomNumber = Math.floor(Math.random() * rUrlArrayNumber); \n  \n  var rUrlToLoad = rUrlArray[randomNumber];\n  rImageItem.css({'background-image': 'url(' + rUrlToLoad + ')'}); \n  \n  \/\/set background color \n    var rBgColorArray = [\n        \"#616161\",\n      ]; \n  \n  var rBgColorToLoad = rBgColorArray[randomNumber];\n  rImageItem.css({'background-color': rBgColorToLoad}); \n   \n  \/\/set background position \n    var rBgPositionArray = [\n        \"left top\",\n      ];  \n   \n  var rBgPositionToLoad = rBgPositionArray[randomNumber];\n  rImageItem.css({'background-position': rBgPositionToLoad}); \n  \n  \/\/set background blend mode\n    var rBgBlendModeArray = [\n        \"overlay\",\n      ];  \n   \n  var rBgBlendModeToLoad = rBgBlendModeArray[randomNumber];\n  rImageItem.css({'background-blend-mode': rBgBlendModeToLoad}); \n   \n   \/\/debug mode\t\n  var dataDebug = rImage.data(\"debug\");\n  var dataEditor = rImage.data(\"editor\");\n   \n  if(dataDebug == false)\n    return(false);\n   \n  if(dataEditor == 'no')\n    return(false);\n     \n  rImage.children().addClass('ue-cloned');\n  var rImageHtml = rImage.html();\n  var parentElementorSection = rImage.parents('.elementor-section');\n   \n  for(let i=0;i<rUrlArrayNumber;i++){\n      \/\/clone html elements\n      rImage.append(rImageHtml);\n      \n      var rImageBoxCloned = rImage.children();\n      \n      \/\/remove last html element\n      rImageBoxCloned.eq(rUrlArrayNumber).remove();\n      \n      var rImageElementCloned = rImageBoxCloned.eq(i);\n\n      \/\/set url for each cloned image\n      rImageElementCloned.css({'background-image': 'url(' + rUrlArray[i] + ')'});\n      \n      \/\/set background color for each cloned image\n      rImageElementCloned.css({'background-color': rBgColorArray[i]});\n      \n      \/\/set background position for each cloned image\n      rImageElementCloned.css({'background-position': rBgPositionArray[i]});\n      \n      \/\/set background blend mode for each cloned image\n      rImageElementCloned.css({'background-blend-mode': rBgBlendModeArray[i]}); \n      \n  }\n   \n});\n<\/script>\n<!-- end Random Background -->\t\t\t<\/template>\n\t\t<\/div>\n\t\t\n\t\t<div class=\"elementor-element elementor-element-2cc0cfd e-flex e-con-boxed e-con e-parent\" data-id=\"2cc0cfd\" data-element_type=\"container\" data-e-type=\"container\" data-settings=\"{&quot;jet_parallax_layout_list&quot;:[]}\">\n\t\t\t\t\t<div class=\"e-con-inner\">\n\t\t\t\t<div class=\"elementor-element elementor-element-a346a98 elementor-widget elementor-widget-text-editor\" data-id=\"a346a98\" data-element_type=\"widget\" data-e-type=\"widget\" data-widget_type=\"text-editor.default\">\n\t\t\t\t<div class=\"elementor-widget-container\">\n\t\t\t\t\t\t\t\t\t<h2>Informations l\u00e9gales<\/h2><p>La Soci\u00e9t\u00e9<\/p><p>HARRY HOPE LUXEMBOURG<\/p><p>SAS au capital de 30 000 euros<\/p><p>38 Rue de Hollerich L-1740 Luxembourg<\/p><p>Num\u00e9ro d\u2019immatriculation\u00a0: B268850<\/p><p>Autorisation d\u2019\u00e9tablissement\u00a0: N\u00b010140630 \/ 0<\/p><p>T\u00e9l\u00e9phone : 03.54.17.01.17<\/p><p>Adresse \u00e9lectronique : contact.luxembourg@harry-hope.com<\/p><p>TVA Intracommunautaire : LU342 243 38<\/p><p>Directeur de la publication<\/p><p>Monsieur Nicolas PUZIN<\/p><p>Conception \u2013 h\u00e9bergement \u2013 infog\u00e9rance<\/p><p>SAS VIAEVISTA 16 rue de Malz\u00e9ville, 54130 Dommartemont Cedex (FRANCE)<\/p><p>03 72 39 59 59<\/p><p>www.viaevista.fr<\/p><p>SIREN : 490 185 865 RCS Nancy<\/p><p>Code APE : 6201 Z<\/p><p>Tous les serveurs Harry Hope. Luxembourg sont localis\u00e9s en France M\u00e9tropolitaine et aucune donn\u00e9e n&rsquo;est revendue \u00e0 des tiers.<\/p><h2><strong>Conditions g\u00e9n\u00e9rales d\u2019utilisation<\/strong><\/h2><p><strong><u>Pr\u00e9ambule<\/u><\/strong><\/p><p>Harry Hope. Luxembourg est une soci\u00e9t\u00e9 dont la sp\u00e9cialit\u00e9 est la recherche, la s\u00e9lection, l\u2019orientation et le placement de personnel.<\/p><p>Pour accompagner les Recruteurs dans leur processus de recrutement et, les Candidats dans leur recherche d\u2019emploi, Harry Hope. Luxembourg met \u00e0 disposition de ses utilisateurs le site internet <a href=\"https:\/\/www.harry-hope.com\/lu\/fr\/\">https:\/\/www.harry-hope.com\/lu\/fr\/<\/a> .<\/p><p>Les pr\u00e9sentes Conditions G\u00e9n\u00e9rales d\u2019Utilisation pr\u00e9cisent les conditions d&rsquo;utilisation du Site et des services propos\u00e9s par Harry Hope. Luxembourg, quel que soit le statut de l\u2019Utilisateur (Recruteur ou Candidat).<\/p><p>Pour les besoins des pr\u00e9sentes, les termes ci-apr\u00e8s sont entendus comme suit :<\/p><p>\u00a0\u00a0\u00a0 \u00ab Utilisateur \u00bb d\u00e9signe toute personne qui navigue sur le site internet, qui consulte les informations publi\u00e9es (Candidat et Recruteur).<\/p><p>\u00a0\u00a0\u00a0 \u00ab Candidat \u00bb d\u00e9signe toutes personnes \u00e0 la recherche d\u2019un emploi.<\/p><p>\u00a0\u00a0\u00a0 \u00ab Recruteur \u00bb d\u00e9signe toutes personnes et\/ou soci\u00e9t\u00e9s souhaitant publier des informations relatives \u00e0 des postes \u00e0 pourvoir, pour leur compte ou celui de tiers.<\/p><p>\u00a0\u00a0\u00a0 \u00ab Service \u00bb d\u00e9signe les services de mise en relation des Recruteurs avec les Candidats, aux moyens notamment d\u2019outils de publication d\u2019annonces postes \u00e0 pourvoir, de transmission de CV, etc<\/p><p>\u00a0\u00a0\u00a0 \u00ab Site \u00bb le site Internet accessible \u00e0 l\u2019adresse <a href=\"https:\/\/www.harry-hope.com\/lu\/fr\/\">https:\/\/www.harry-hope.com\/lu\/fr\/<\/a> et \u00e9dit\u00e9 par Harry Hope. Luxembourg.<\/p><p><strong><u>Article 1 : Acceptation des \u00ab CGU \u00bb<\/u><\/strong><\/p><p>En acc\u00e9dant au Site et en utilisant ses services selon les modalit\u00e9s pr\u00e9vues aux pr\u00e9sentes Conditions G\u00e9n\u00e9rales d&rsquo;Utilisation (ci-apr\u00e8s \u00ab\u00a0CGU\u00a0\u00bb), le Visiteur reconnait avoir pris connaissance des pr\u00e9sentes CGU et accepter de s&rsquo;y conformer sans aucune r\u00e9serve.<\/p><p>Les pr\u00e9sentes conditions g\u00e9n\u00e9rales sont susceptibles de modification afin, notamment, de se conformer \u00e0 toutes dispositions l\u00e9gislatives ou r\u00e9glementaires nouvelles. Il est donc conseill\u00e9 aux Internautes (Visiteurs et Utilisateurs) de se r\u00e9f\u00e9rer r\u00e9guli\u00e8rement \u00e0 la derni\u00e8re version des \u00ab CGU \u00bb, disponible en permanence sur le Site.<\/p><p><strong><u>Article 2 : Accessibilit\u00e9 du service<\/u><\/strong><\/p><p>Harry Hope. Luxembourg s\u2019engage \u00e0 mettre en \u0153uvre les meilleurs moyens et \u00e0 faire ses meilleurs efforts pour assurer la disponibilit\u00e9 du pr\u00e9sent Site et de ses Services.<\/p><p>Toutefois, Harry Hope. Luxembourg ne saurait \u00eatre tenu pour responsable des dommages et\/ou pr\u00e9judices, directs ou indirects, de quelque nature que ce soit, r\u00e9sultant d&rsquo;\u00e9ventuelles erreurs, d\u00e9lais ou incidents techniques r\u00e9sultant de cas de force majeure, de la d\u00e9faillance l\u2019Utilisateur ou d\u2019un tiers, sans pr\u00e9judice du droit \u00e0 r\u00e9paration de l\u2019Utilisateur pour les cas o\u00f9 l\u2019indisponibilit\u00e9 serait imputable \u00e0 Harry Hope. Luxembourg.<\/p><p>Harry Hope. Luxembourg d\u00e9cline, notamment toute responsabilit\u00e9 en cas de dommages d\u00e9coulant de tout acc\u00e8s ou impossibilit\u00e9 d&rsquo;acc\u00e8s au Site, de l&rsquo;utilisation de toute information fournie sur le Site et, plus g\u00e9n\u00e9ralement de toute utilisation non conforme et\/ou frauduleuse du Site, quelle que soit la personne \u00e0 l\u2019origine de celle-ci.<\/p><p><strong><u>Article 3 : Utilisation du Site par le Candidat<\/u><\/strong><\/p><p>Le Site permet au Candidat de consulter des offres d\u2019emploi\/de collaboration et, de pr\u00e9senter sa candidature (candidature spontan\u00e9e ou r\u00e9ponse \u00e0 des annonces publi\u00e9s).<\/p><p>Lorsqu\u2019il postule, le Candidat transmet volontairement ses donn\u00e9es personnelles (nom, pr\u00e9nom, coordonn\u00e9es, post recherch\u00e9, localisation) et a la possibilit\u00e9 de joindre son CV et\/ou un message.<\/p><p>Harry Hope. Luxembourg re\u00e7oit les candidatures et, le cas \u00e9ch\u00e9ant analyse les CV des candidats pour les mettre en relation avec de potentiels Recruteurs. A cet effet, Harry Hope. Luxembourg pourra contacter le Candidat afin de confirmer les informations renseign\u00e9es dans la candidature et, les verser dans sa base de donn\u00e9es en vue de pr\u00e9senter son profil \u00e0 de potentiels Recruteurs.<\/p><p>Dans le cas o\u00f9 une candidature pourra correspondre \u00e0 un profil recherch\u00e9, HARRY HOPE Luxembourg transmettra la candidature anonymis\u00e9e au Recruteur. Cette m\u00e9thode concourt \u00e0 la pr\u00e9vention de tout risque de discrimination.<\/p><p>Harry Hope. Luxembourg ne garantit pas au Candidat le d\u00e9lai de r\u00e9ponse aux candidatures, ni que les Recruteurs r\u00e9pondront \u00e0 celles-ci. Par ailleurs, Harry Hope. Luxembourg n\u2019est pas responsable des crit\u00e8res de pr\u00e9-s\u00e9lection ou des qualifications pr\u00e9sent\u00e9s dans les annonces.<\/p><p><strong><u>Article 4 : Utilisation du Site par le Recruteur<\/u><\/strong><\/p><p>Le Site permet au Recruteur de publier des offres d\u2019emploi\/de collaboration via l\u2019\u00ab Espace recruteurs \u00bb. A cette occasion, le Recruteur transmet certaines donn\u00e9es (nom, pr\u00e9nom, soci\u00e9t\u00e9, coordonn\u00e9es, post recherch\u00e9, localisation) et a la possibilit\u00e9 de joindre un message.<\/p><p>Dans le cas o\u00f9 une candidature pourra correspondre \u00e0 un profil recherch\u00e9, HARRY HOPE Luxembourg transmettra la candidature anonymis\u00e9e au Recruteur. Cette m\u00e9thode concourt \u00e0 la pr\u00e9vention de tout risque de discrimination. Les modalit\u00e9s de recrutement feront l\u2019objet de conditions g\u00e9n\u00e9rales accept\u00e9es par le Recruteur.<\/p><p>Harry Hope. Luxembourg ne garantit pas au Recruteur le d\u00e9lai de r\u00e9ponse aux annonces publi\u00e9es sur le Site. Le service de Harry Hope. Luxembourg ne saurait constituer une quelconque obligation de r\u00e9sultat. Harry Hope. Luxembourg ne garantit pas au Recruteur la transmission de candidatures en r\u00e9ponse \u00e0 leurs offres. La responsabilit\u00e9 de Harry Hope. Luxembourg ne saurait ainsi \u00eatre engag\u00e9e si aucun candidat n\u2019est pr\u00e9sent\u00e9 et\/ou retenu lors des entretiens finaux de s\u00e9lection.<\/p><p><strong><u>Article 5 : Service client \u2013 Contenu du site<\/u><\/strong><\/p><p>Les r\u00e9clamations qui portent sur les relations entre Candidats et Recruteurs ne sont pas recevables aupr\u00e8s de HARRY HOPE Luxembourg.<\/p><p>Les r\u00e9clamations qui portent sur l\u2019utilisation du Site et\/ou du Service peuvent \u00eatre adress\u00e9es \u00e0 Harry Hope. Luxembourg, par courrier \u00e9lectronique \u00e0 l&rsquo;adresse suivante : <a href=\"mailto:contact.luxembourg@harry-hope.com\">contact.luxembourg@harry-hope.com<\/a> . A r\u00e9ception, Harry Hope. Luxembourg s\u2019oblige \u00e0 appr\u00e9cier dans les meilleurs d\u00e9lais la recevabilit\u00e9 de la r\u00e9clamation, et \u00e0 y apporter une r\u00e9ponse dans un d\u00e9lai de deux mois.<\/p><p>Harry Hope. Luxembourg s&rsquo;efforce de pr\u00e9senter des informations actualis\u00e9es sur son Site mais ne fait aucune d\u00e9claration ni ne consent aucune garantie ou engagement quant \u00e0 l&rsquo;exactitude, l&rsquo;actualit\u00e9 ou l&rsquo;exhaustivit\u00e9 des informations fournies.<\/p><p><strong><u>Article 6 : Dur\u00e9e<\/u><\/strong><\/p><p>Les pr\u00e9sentes CGU sont conclues pour une dur\u00e9e ind\u00e9termin\u00e9e \u00e0 compter de l&rsquo;utilisation du Site par l\u2018Utilisateur.<\/p><p><strong><u>Article 7 : Propri\u00e9t\u00e9 intellectuelle <\/u><\/strong><\/p><p>Les droits d&rsquo;auteur attach\u00e9s \u00e0 tout contenu fourni sur ce site Web appartiennent \u00e0 Harry Hope. Luxembourg ou au propri\u00e9taire tiers du contenu. Sous r\u00e9serve des stipulations des pr\u00e9sentes, aucun contenu de ce site Web ne peut \u00eatre copi\u00e9, reproduit, distribu\u00e9, republi\u00e9, t\u00e9l\u00e9charg\u00e9, affich\u00e9, mis en ligne ni transmis sous quelque forme et de quelque mani\u00e8re que ce soit, y compris notamment sous forme \u00e9lectronique, photocopie m\u00e9canique, enregistrement ou autre sans l&rsquo;autorisation \u00e9crite pr\u00e9alable de HARRY HOPE Luxembourg ou du propri\u00e9taire tiers du contenu. L&rsquo;utilisation non autoris\u00e9e d&rsquo;un contenu de ce site peut constituer une violation des lois relatives aux droits d&rsquo;auteur, aux r\u00e9glementations relatives \u00e0 la confidentialit\u00e9 et \u00e0 la publicit\u00e9 et aux lois et r\u00e9glementations r\u00e9gissant les communications ainsi que toutes autres lois nationales et locales. Il est pr\u00e9cis\u00e9 que les photos figurant sur le Site sont uniquement descriptives et non contractuelles.<\/p><p><strong><u>Article 8 : Donn\u00e9es personnelles \u2013 Confidentialit\u00e9 \u2013 Newsletter \u2013 Cookies \u2013 Liens hypertextes<\/u><\/strong><\/p><p>Consulter notre Charte Vie Priv\u00e9e<\/p><p><strong><u>8.1 Principe <\/u><\/strong><\/p><p>Harry Hope. Luxembourg s&rsquo;engage \u00e0 tenir confidentiel l&rsquo;ensemble des informations dont elle aurait eu connaissance dans le cadre de l\u2019utilisation de ses Services par les Utilisateurs et, \u00e0 prendre toutes les mesures, notamment de s\u00e9curit\u00e9, n\u00e9cessaires afin d\u2019assurer le respect de l\u2019int\u00e9grit\u00e9 et la confidentialit\u00e9 de ces informations.\u00a0<\/p><p>Conform\u00e9ment aux dispositions l\u00e9gales et\/ou r\u00e9glementaires relatives \u00e0 la protection des donn\u00e9es \u00e0 caract\u00e8re personnel, notamment le r\u00e8glement (UE) 2016\/679, HARRY HOPE Luxembourg met en \u0153uvre des mesures techniques et organisationnelles appropri\u00e9es pour prot\u00e9ger les donn\u00e9es personnelles trait\u00e9es contre la destruction, la perte, l\u2019alt\u00e9ration, la divulgation ou l\u2019acc\u00e8s \u00e0 des tiers non autoris\u00e9s.<\/p><p>Harry Hope. Luxembourg s\u2019engage \u00e0 ne pas transf\u00e9rer ces donn\u00e9es \u00e0 caract\u00e8re personnel hors de l\u2019Union Europ\u00e9enne pour quelque cause que ce soit.<\/p><p>Le Recruteur s\u2019engage aux m\u00eames obligations que Harry Hope. Luxembourg en ce qui concerne la protection des donn\u00e9es personnelles des Candidats dont les profils seraient susceptibles de lui \u00eatre communiqu\u00e9s.<\/p><p>Chacune des Parties se porte fort du respect de ces obligations de confidentialit\u00e9 et de protection des donn\u00e9es personnelles, par l&rsquo;ensemble de ses pr\u00e9pos\u00e9s et de toute autre personne \u00e0 qui elle aurait eu la n\u00e9cessit\u00e9 de communiquer des informations.<\/p><p><strong><u>8.2 Donn\u00e9es personnelles<\/u><\/strong><\/p><p>Les Utilisateurs du Site sont susceptibles de communiquer des donn\u00e9es \u00e0 caract\u00e8re personnel faisant l&rsquo;objet d&rsquo;un traitement automatis\u00e9 ou non pour les finalit\u00e9s suivantes :<\/p><ul><li>La gestion des dossiers des Candidats ;<\/li><li>La transmission d\u2019informations sur les offres et services de Harry Hope. Luxembourg et\/ou de ses partenaires ;<\/li><li>L\u2019envoi d\u2019informations et d\u2019alerte (nouvelles offres ; nouveau profil ; etc).<\/li><li>L&rsquo;utilisation \u00e0 des fins statistiques d&rsquo;informations relatives \u00e0 la navigation.<\/li><\/ul><p>Pour acc\u00e9der aux Services propos\u00e9s par le Site, tout Utilisateur transmet volontairement des donn\u00e9es lors de demande de publication d\u2019annonces ou lors de candidature. Tout Utilisateur autorise ainsi Harry Hope. Luxembourg \u00e0 le contacter et \u00e0 partager ces informations aupr\u00e8s des autres Utilisateurs d\u00e8s lors que ces informations sont pertinentes et n\u00e9cessaire pour la r\u00e9alisation de l\u2019objet de mise en relation entre Candidats et Recruteurs.<\/p><p>Pour un Candidat, les informations collect\u00e9es sont, notamment : nom et pr\u00e9nom, adresse email, num\u00e9ro de t\u00e9l\u00e9phone, localisation, poste recherch\u00e9. Le Candidat a la possibilit\u00e9 de t\u00e9l\u00e9charger son CV et de laisser un message.<\/p><p>Dans ces conditions, le Candidat autorise Harry Hope. Luxembourg \u00e0 le contacter pour accuser r\u00e9ception de sa candidature, \u00e0 le contacter pour v\u00e9rifier les informations transmises, \u00e0 diffuser ses donn\u00e9es aupr\u00e8s de tiers Recruteurs susceptibles d\u2019\u00eatre int\u00e9ress\u00e9s par son profil, \u00e0 conserver les informations aux fins de campagne de recrutement ult\u00e9rieure.<\/p><p>Pour un Recruteur, les informations collect\u00e9es sont, notamment : nom et pr\u00e9nom, soci\u00e9t\u00e9, coordonn\u00e9es, post recherch\u00e9, localisation. Le Recruteur a la possibilit\u00e9 de joindre un message.<\/p><p>Dans ces conditions, le Recruteur autorise Harry Hope. Luxembourg \u00e0 le contacter pour accuser r\u00e9ception de l\u2019annonce, \u00e0 le contacter pour v\u00e9rifier les informations transmises, \u00e0 diffuser les annonces sur son site et aupr\u00e8s de candidats susceptibles d\u2019\u00eatre int\u00e9ress\u00e9s par l\u2019annonce, \u00e0 conserver les informations aux fins de campagne de recrutement ult\u00e9rieure.<\/p><p>Aucune donn\u00e9e personnelle n\u2019est revendue \u00e0 d\u2019autres tiers.<\/p><p>Les donn\u00e9es collect\u00e9es sont conserv\u00e9es par Harry Hope. Luxembourg pour une dur\u00e9e de 2 ans \u00e0 compter du dernier contact. Au-del\u00e0, les donn\u00e9es seront conserv\u00e9es avec votre accord expr\u00e8s.\u00a0<\/p><p>Conform\u00e9ment au R\u00e8glement (UE) 2016\/679 du Parlement europ\u00e9en et du Conseil du 27 avril 2016, Harry Hope. Luxembourg garantit \u00e0 ses Utilisateurs Candidats un droit d\u2019acc\u00e8s, de rectification, de limitation, d\u2019opposition, d\u2019effacement et de portabilit\u00e9 de leurs donn\u00e9es. Ces demandes doivent \u00eatre adress\u00e9es au D\u00e9l\u00e9gu\u00e9 \u00e0 la Protection des donn\u00e9es personnels (DPO) d\u00e9sign\u00e9 : dpo@harry-hope.com ou \u00e0 l&rsquo;adresse postale : HARRY HOPE\u00a0\u2013 DPO \u2013 49 Cours L\u00e9opold, 54000 NANCY (FRANCE).<\/p><p><strong><u>8.3 Confidentialit\u00e9<\/u><\/strong><\/p><p>Toutes les informations et donn\u00e9es relatives aux Utilisateurs, de quelque nature qu\u2019elles soient, sont consid\u00e9r\u00e9es et trait\u00e9es comme confidentielles (plus particuli\u00e8rement les informations concernant les Candidats). L\u2019Utilisateur s\u2019engage \u00e0 ne pas divulguer tout ou partie des informations confidentielles \u00e0 des tiers et \u00e0 ne pas les utiliser dans un autre but que celui pour lequel elles ont \u00e9t\u00e9 collect\u00e9es.<\/p><p><strong><u>8.4 Cookies<\/u><\/strong><\/p><p>Afin d&rsquo;am\u00e9liorer la qualit\u00e9 de son service et de mieux r\u00e9pondre aux attentes de ses utilisateurs, Harry Hope. Luxembourg pourra \u00eatre amen\u00e9 \u00e0 collecter des donn\u00e9es nominatives sur l&rsquo;utilisateur, notamment par l&rsquo;utilisation de marqueurs (cookies). L&rsquo;acception de ces cookies est obligatoire pour toute publication d\u2019annonce ou d\u00e9p\u00f4t de candidature.\u00a0 Les cookies sont des petits fichiers qui sont d\u00e9pos\u00e9s sur l&rsquo;ordinateur de l&rsquo;utilisateur du Site dans le seul but de faciliter sa navigation sur le Site et de personnaliser le service qui lui est propos\u00e9. L\u2019utilisateur a la possibilit\u00e9 de param\u00e9trer les cookies en cliquant [ici].<\/p><p><strong><u>8.5 Liens hypertextes<\/u><\/strong><\/p><p>Le Site peut comporter des liens hypertextes. L&rsquo;existence d&rsquo;un lien de ce Site vers un autre site ne constitue pas une validation de ce site ou de son contenu. La cr\u00e9ation des liens hypertextes vers le Site ne peut \u00eatre faite qu&rsquo;avec l&rsquo;autorisation \u00e9crite et pr\u00e9alable de Harry Hope. Luxembourg.<\/p><p><strong><u>Article 9 : Cessions<\/u><\/strong><\/p><p>L&rsquo;Utilisateur n\u2019est en aucun cas autoris\u00e9 \u00e0 c\u00e9der ou transf\u00e9rer de quelque mani\u00e8re que ce soit ses droits ou obligations au titre des pr\u00e9sentes CGU, \u00e0 moins que Harry Hope. Luxembourg y ait express\u00e9ment consenti par \u00e9crit.<\/p><p><strong><u>Article 10 : Droit applicable \u2013 attribution de comp\u00e9tence<\/u><\/strong><\/p><p>La loi applicable aux contenus et aux transmissions de donn\u00e9es sur et autour du Site est la loi luxembourgeoise. En cas de litige, les juridictions territorialement comp\u00e9tentes sont celles de la ville de Luxembourg. En cas de diff\u00e9rend, une solution amiable sera recherch\u00e9e avant toute action judiciaire. Les Utilisateurs peuvent \u00e9galement s&rsquo;adresser au service r\u00e9clamation de Harry Hope. Luxembourg \u00e0 l&rsquo;adresse contact.luxembourg@harry-hope.com.<\/p>\t\t\t\t\t\t\t\t<\/div>\n\t\t\t\t<\/div>\n\t\t\t\t\t<\/div>\n\t\t\t\t<\/div>\n\t\t\t\t<\/div>\n\t\t","protected":false},"excerpt":{"rendered":"<p>Mentions L\u00e9gales Informations l\u00e9gales La Soci\u00e9t\u00e9 HARRY HOPE LUXEMBOURG SAS au capital de 30 000 euros 38 Rue de Hollerich L-1740 Luxembourg Num\u00e9ro d\u2019immatriculation\u00a0: B268850 Autorisation d\u2019\u00e9tablissement\u00a0: N\u00b010140630 \/ 0 T\u00e9l\u00e9phone : 03.54.17.01.17 Adresse \u00e9lectronique : contact.luxembourg@harry-hope.com TVA Intracommunautaire : LU342 243 38 Directeur de la publication Monsieur Nicolas PUZIN Conception \u2013 h\u00e9bergement \u2013 infog\u00e9rance [&hellip;]<\/p>\n","protected":false},"author":2,"featured_media":0,"parent":0,"menu_order":0,"comment_status":"closed","ping_status":"closed","template":"","meta":{"content-type":"","footnotes":""},"class_list":["post-47288","page","type-page","status-publish","hentry"],"_links":{"self":[{"href":"https:\/\/www.harry-hope.com\/lu\/fr\/wp-json\/wp\/v2\/pages\/47288","targetHints":{"allow":["GET"]}}],"collection":[{"href":"https:\/\/www.harry-hope.com\/lu\/fr\/wp-json\/wp\/v2\/pages"}],"about":[{"href":"https:\/\/www.harry-hope.com\/lu\/fr\/wp-json\/wp\/v2\/types\/page"}],"author":[{"embeddable":true,"href":"https:\/\/www.harry-hope.com\/lu\/fr\/wp-json\/wp\/v2\/users\/2"}],"replies":[{"embeddable":true,"href":"https:\/\/www.harry-hope.com\/lu\/fr\/wp-json\/wp\/v2\/comments?post=47288"}],"version-history":[{"count":6,"href":"https:\/\/www.harry-hope.com\/lu\/fr\/wp-json\/wp\/v2\/pages\/47288\/revisions"}],"predecessor-version":[{"id":55027,"href":"https:\/\/www.harry-hope.com\/lu\/fr\/wp-json\/wp\/v2\/pages\/47288\/revisions\/55027"}],"wp:attachment":[{"href":"https:\/\/www.harry-hope.com\/lu\/fr\/wp-json\/wp\/v2\/media?parent=47288"}],"curies":[{"name":"wp","href":"https:\/\/api.w.org\/{rel}","templated":true}]}}